{"id":18,"date":"2015-02-14T11:04:40","date_gmt":"2015-02-14T11:04:40","guid":{"rendered":"http:\/\/olgarodriguezpomares.com\/?page_id=18"},"modified":"2020-06-28T21:00:12","modified_gmt":"2020-06-28T21:00:12","slug":"acerca-de","status":"publish","type":"page","link":"http:\/\/olgarodriguezpomares.com\/en\/","title":{"rendered":"<strong><strong>About the artist <\/strong><\/strong>"},"content":{"rendered":"<p><img decoding=\"async\" class=\"aligncenter\" src=\"http:\/\/olgarodriguezpomares.com\/wp-content\/uploads\/2015\/02\/IMG_2198-baja-200x300.jpg\" alt=\"IMG_2198 baja\" \/><\/p>\n<p style=\"margin-top: 0pt; padding-top: 0; margin-bottom: 10pt; padding-bottom: 0; line-height: 1.38; font-size: 12pt;\" class=\" translation-block\"><strong>Olga Rodr\u00edguez Pomares (Elche, 1972), a PhD in Fine Arts from the University of Murcia, in 2011, with the Doctoral thesis entitled \"Techniques and surface finishes on stone sculpture. Practical research with chemical and mechanical treatments in marble\". <\/strong>Since 1997, she has held various group and <strong>individual exhibitions and has received different awards and scholarships,<\/strong> among which we can highlight the one awarded by the Valencia Provincial Council in the III Call for the \"Difusi\u00f3 de les Arts Pl\u00e0stiques\" program of the SARC; the Leonardo Scholarship, awarded by the ADEIT, \u201cFundaci\u00f3n Universidad-Empresa\u201d of the University of Valencia, and developed in Ireland at the \"West Cork Art Center\"; the \u201cInternazionale di Scultura\u201d Symposium \u00abCarrara Citt\u00e0 Labotatorio. Scolpire all\u00b4Aperto\u00bb, awarded by the Comune di Carrara, the predoctoral and postdoctoral fellowships received as a teacher (PDI) from the Faculty of Fine Arts of the University of Murcia, for stays in foreign centers, such as the Accademia di Belle Arti di Carrara (Italy), the Faculty of Fine Arts of Ioannina (Greece), the Accademia di Belle Arti di Brera in Milan or the Faculdade de Belas-Artes, University of Lisbon.<\/p>\n<p style=\"margin-top: 0pt; padding-top: 0; margin-bottom: 10pt; padding-bottom: 0; line-height: 1.38; font-size: 12pt;\" class=\" translation-block\"><strong>She publishes several books and articles in scientific magazines, and participates in conferences and research projects on art and sculpture.<\/strong> She has developed a <strong>teaching and research career (PDI) at the University of Murcia<\/strong>, teaching the subjects of \"Sculpture\", \"Sculptural Procedures\", \"Carving\" and \"Sculptural Representations of the Human Body\" at the Faculty of Fine Arts. She also perfoms research work at the <strong>Center Investiga\u00e7\u00e3o e Estudos em Belas Artes (CIEBA) da FBAUL in Lisbon <\/strong>participating in projects and \/or research contracts.<\/p>\n<p style=\"margin-top: 0pt; padding-top: 0; margin-bottom: 10pt; padding-bottom: 0; line-height: 1.38; font-size: 12pt;\" class=\" translation-block\"><strong>Academic background has clearly focused on sculpture, clay modeling, casting techniques working with different materials, marble and wood carving, but it also found a link with painting and restoration.<\/strong> Among the most recent <strong>solo exhibitions<\/strong> (2009 - 2019), it is worth mentioning: \"Made in Italy\" at Fuente \u00c1lamo (Murcia), \"Viatjar sobre la pedra\" in Elche; \"Stone archeologies\" in the ESPACIOS OCUPA^2 at the Polytechnic University of Cartagena; \"Construcciones y Deconstrucciones\" at ESUM Showroom of the University of Murcia; or \"Marmoris. Transit in the soul of marble\u201d, at the Museo Teatro Romano in Cartagena. Deserves special mention her participation in the <strong>group exhibition<\/strong> \"Paisatges. Mirades Contempor\u00e0nies\", at the \u201cCentro Municipal d\u00b4Exposicions d\u00b4Elx\u201d, sharing exhibition space with artists such as Arcadi Blasco, Carmen Calvo, Antoni Mir\u00f3, Manuel H. Momp\u00f3, Soledad Sevilla, Gustavo Torner, Fernando Z\u00f3bel among others. Or the one held in Alicante, \"Homage to Miguel Hern\u00e1ndez 75 x 75\" with artists like Pepe Azor\u00edn, Joan Castejon, Toni Mir\u00f3. The last exhibition was carried out in 2019, with a new Project; \u201cEs-cultura: plural bodies\u201d at the Casa Pintada Foundation \u2013 Crist\u00f3bal Gabarr\u00f3n Museum. International group exhibitions, \"Art al Vent\", exhibited in Azambuja, Extremoz, Macedo de Cavaleiros and Tavira (Portugal) in Germany or Mexico City; \"Arte Cisoria\", exhibited at the Alicante Institute of Culture Juan Gil - Albert, Casa Bard\u00edn, Archaeological and History Museum of Elche \"Alejandro Ramos Forqu\u00e9s\" (MAHE), University of Ciudad Ju\u00e1rez, in Mexico, Galleria d'Arte Contemporanea del Liceo Artistico F. Figari de Sassari in Sardinia (Italy), Palazzo Regio de Cagliari in Sardinia (Italy), among others, ... In the last years she has <strong>exhibited in art galleries<\/strong> such as Hern\u00e1ndez Art Gallery, in Milan, and in the Viki Blasco Gallery, in Gij\u00f3n.<\/p>\n<p style=\"text-align: center; margin-top: 0pt; padding-top: 0; margin-bottom: 10pt; padding-bottom: 0; line-height: 1.38; font-size: 12pt;\"><a href=\"http:\/\/olgarodriguezpomares.com\/en\/\">http:\/\/olgarodriguezpomares.com\/<\/a><\/p>\n<p style=\"text-align: center; margin-top: 0pt; padding-top: 0; margin-bottom: 10pt; padding-bottom: 0; line-height: 1.38; font-size: 12pt;\">Telf. +34 651 390 333<\/p>\n<p>\u00a0<a href=\"http:\/\/olgarodriguezpomares.com\/wp-content\/uploads\/2020\/06\/CV_OLGA_RODRIGUEZ_POMARES_06_2020_V2.pdf\">Download full CV in PDF<\/a><\/p>","protected":false},"excerpt":{"rendered":"<p>Olga Rodr\u00edguez Pomares (Elche, 1972), es doctora en Bellas Artes por la Universidad de Murcia, en 2011, con la tesis doctoral titulada \u00abT\u00e9cnicas y acabados de superficie sobre la escultura en piedra. Investigaci\u00f3n pr\u00e1ctica con tratamientos qu\u00edmicos y mec\u00e1nicos en m\u00e1rmol\u00bb. Desde 1997, ha realizado diversas exposiciones colectivas e individuales y ha recibido diferentes premios &hellip; <a href=\"http:\/\/olgarodriguezpomares.com\/en\/\" class=\"more-link\">Continue reading <span class=\"screen-reader-text\"><strong><strong>About the artist <\/strong><\/strong><\/span> <span class=\"meta-nav\">&rarr;<\/span><\/a><\/p>","protected":false},"author":1,"featured_media":0,"parent":0,"menu_order":0,"comment_status":"closed","ping_status":"closed","template":"","meta":{"jetpack_post_was_ever_published":false},"jetpack_sharing_enabled":true,"jetpack_shortlink":"https:\/\/wp.me\/P5KNTl-i","jetpack-related-posts":[{"id":42,"url":"http:\/\/olgarodriguezpomares.com\/en\/curriculum\/","url_meta":{"origin":18,"position":0},"title":"Curriculum antiguo","author":"olgarp","date":"March 3, 2015","format":false,"excerpt":"\u00cdNDICE DATOS PERSONALES TITULACI\u00d3N 1. EXPERIENCIA INVESTIGADORA 1.1. PUBLICACIONES CIENT\u00cdFICAS REVISTAS 1.2. LIBROS Y CAP\u00cdTULOS DE LIBROS 1.3. PARTICIPACI\u00d3N EN PROYECTOS Y\/O CONTRATOS DE INVESTIGACI\u00d3N 1.4. PATENTES, DISE\u00d1OS Y OTROS RESULTADOS DE LA INVESTIGACI\u00d3N 1.5. CREACIONES ART\u00cdSTICAS Y PROFESIONALES 1.6. OTROS M\u00c9RITOS RELEVANTES DE INVESTIGACI\u00d3N 2. EXPERIENCIA DOCENTE 2.1 PUESTOS\u2026","rel":"","context":"Similar post","block_context":{"text":"Similar post","link":""},"img":{"alt_text":"","src":"","width":0,"height":0},"classes":[]},{"id":552,"url":"http:\/\/olgarodriguezpomares.com\/en\/curriculum-actualizado\/","url_meta":{"origin":18,"position":1},"title":"Curriculum actualizado","author":"olgarp","date":"June 24, 2020","format":false,"excerpt":"\u00cdNDICE DATOS PERSONALES TITULACI\u00d3N 1. EXPERIENCIA INVESTIGADORA 1.1.1 PUBLICACIONES\u00a0 1.1.1 LIBROS\u00a0 1.1.2. CAPITULOS DE LIBROS 1.1.3.ARTICULOS EN REVISTAS CIENT\u00cdFICAS 1.3. PARTICIPACI\u00d3N EN PROYECTOS Y\/O CONTRATOS DE INVESTIGACI\u00d3N 1.4. PATENTES, DISE\u00d1OS Y OTROS RESULTADOS DE LA INVESTIGACI\u00d3N 1.5. CREACIONES ART\u00cdSTICAS Y PROFESIONALES 1.6. OTROS M\u00c9RITOS RELEVANTES DE INVESTIGACI\u00d3N 2. EXPERIENCIA DOCENTE\u2026","rel":"","context":"Similar post","block_context":{"text":"Similar post","link":""},"img":{"alt_text":"","src":"","width":0,"height":0},"classes":[]},{"id":51,"url":"http:\/\/olgarodriguezpomares.com\/en\/exposiciones\/","url_meta":{"origin":18,"position":2},"title":"Exposiciones","author":"olgarp","date":"March 3, 2015","format":false,"excerpt":"\u00a0 1.PARTICIPACI\u00d3N EN EXPOSICIONES ART\u00cdSTICAS NACIONALES E INTERNACIONALES. PUBLICACI\u00d3N DE CAT\u00c1LOGO 1.1.PARTICIPACI\u00d3N EN EXPOSICIONES ART\u00cdSTICAS DE CAR\u00c1CTER MONOGR\u00c1FICO. PUBLICACI\u00d3N DE CAT\u00c1LOGO -Exposici\u00f3n individual de escultura, Centre Juvenil Algiros, Ajuntament de Val\u00e8ncia, del 10 al 28 de noviembre de 1997, dentro de la \u201cIII Convocatoria del Programa de Difusi\u00f3 de les\u2026","rel":"","context":"Similar post","block_context":{"text":"Similar post","link":""},"img":{"alt_text":"","src":"","width":0,"height":0},"classes":[]},{"id":560,"url":"http:\/\/olgarodriguezpomares.com\/en\/lista-exposiciones\/","url_meta":{"origin":18,"position":3},"title":"Lista de exposiciones","author":"olgarp","date":"June 24, 2020","format":false,"excerpt":"1.PARTICIPACI\u00d3N EN EXPOSICIONES ART\u00cdSTICAS NACIONALES E INTERNACIONALES. PUBLICACI\u00d3N DE CAT\u00c1LOGO 1.1.PARTICIPACI\u00d3N EN EXPOSICIONES ART\u00cdSTICAS DE CAR\u00c1CTER MONOGR\u00c1FICO. PUBLICACI\u00d3N DE CAT\u00c1LOGO -Exposici\u00f3n individual de escultura, Centre Juvenil Algiros, Ajuntament de Val\u00e8ncia, del 10 al 28 de noviembre de 1997, dentro de la \u201cIII Convocatoria del Programa de Difusi\u00f3 de les Artes\u2026","rel":"","context":"Similar post","block_context":{"text":"Similar post","link":""},"img":{"alt_text":"","src":"","width":0,"height":0},"classes":[]},{"id":616,"url":"http:\/\/olgarodriguezpomares.com\/en\/curriculum-nuevo\/","url_meta":{"origin":18,"position":4},"title":"Curr\u00edculum Vitae","author":"olgarp","date":"June 25, 2020","format":false,"excerpt":"APELLIDOS: Rodr\u00edguez Pomares NOMBRE: Olga FECHA DE NACIMIENTO: 31 de Enero de 1972 DNI: 33.488.252-E DIRECCI\u00d3N: Calle Hermanos Gonz\u00e1lvez Selva, 62, 4\u00aa planta CIUDA: Elche C. P.: 03206 PROVINCIA: Alicante PA\u00cdS: Espa\u00f1a TEL\u00c9FONO: 965 45 74 53 M\u00d3VIL: 651 390 333 COOREO: olgaiarte@hotmail.com TITULACI\u00d3N -Licenciada en Bellas Artes, Universidad Polit\u00e9cnica\u2026","rel":"","context":"Similar post","block_context":{"text":"Similar post","link":""},"img":{"alt_text":"","src":"","width":0,"height":0},"classes":[]},{"id":254,"url":"http:\/\/olgarodriguezpomares.com\/en\/investigacion\/proyecto-de-investigacion-diseno-y-escultura-publica-penarroya-pueblonuevo-murcia-2009\/","url_meta":{"origin":18,"position":5},"title":"Proyecto de Investigaci\u00f3n \u201cDise\u00f1o y Escultura P\u00fablica. Pe\u00f1arroya-Pueblonuevo\u201d. Universidad de Murcia. 2009","author":"olgarp","date":"June 21, 2016","format":false,"excerpt":"\u00a0 Proyecto de investigaci\u00f3n, \u201cDise\u00f1o y escultura p\u00fablica. Pe\u00f1arroya \u2013 Pueblonuevo\u201d, entre la Universidad de Murcia y la empresa murciana Construcciones Iniesta, S. L., n\u00ba del Proyecto: 12305, por un importe de 6.960 \u20ac, con una duraci\u00f3n de cinco meses, de junio a octubre de 2009. T\u00edtulo del Proyecto \u201cDise\u00f1o\u2026","rel":"","context":"Similar post","block_context":{"text":"Similar post","link":""},"img":{"alt_text":"","src":"https:\/\/i0.wp.com\/olgarodriguezpomares.com\/wp-content\/uploads\/2017\/06\/Imagen-009-baja-300x200.jpg?resize=350%2C200","width":350,"height":200},"classes":[]}],"_links":{"self":[{"href":"http:\/\/olgarodriguezpomares.com\/en\/wp-json\/wp\/v2\/pages\/18"}],"collection":[{"href":"http:\/\/olgarodriguezpomares.com\/en\/wp-json\/wp\/v2\/pages"}],"about":[{"href":"http:\/\/olgarodriguezpomares.com\/en\/wp-json\/wp\/v2\/types\/page"}],"author":[{"embeddable":true,"href":"http:\/\/olgarodriguezpomares.com\/en\/wp-json\/wp\/v2\/users\/1"}],"replies":[{"embeddable":true,"href":"http:\/\/olgarodriguezpomares.com\/en\/wp-json\/wp\/v2\/comments?post=18"}],"version-history":[{"count":43,"href":"http:\/\/olgarodriguezpomares.com\/en\/wp-json\/wp\/v2\/pages\/18\/revisions"}],"predecessor-version":[{"id":658,"href":"http:\/\/olgarodriguezpomares.com\/en\/wp-json\/wp\/v2\/pages\/18\/revisions\/658"}],"wp:attachment":[{"href":"http:\/\/olgarodriguezpomares.com\/en\/wp-json\/wp\/v2\/media?parent=18"}],"curies":[{"name":"wp","href":"https:\/\/api.w.org\/{rel}","templated":true}]}}