{"id":257,"date":"2016-06-21T16:16:28","date_gmt":"2016-06-21T16:16:28","guid":{"rendered":"http:\/\/olgarodriguezpomares.com\/?page_id=257"},"modified":"2020-06-27T13:15:12","modified_gmt":"2020-06-27T13:15:12","slug":"proyecto-de-investigacion-diferentes-sistemas-de-impresion-digital-uvi","status":"publish","type":"page","link":"http:\/\/olgarodriguezpomares.com\/en\/investigacion\/proyecto-de-investigacion-diferentes-sistemas-de-impresion-digital-uvi\/","title":{"rendered":"\u201cProyecto de Investigaci\u00f3n escult\u00f3rica sobre m\u00e1rmol con sistemas de impresi\u00f3n UVI\u201d. Universidad de Murcia, 2010. \u201cSerie Leonardo\u201d para la \u201cGala de la econom\u00eda ilicitana. Elx, Ciutat innovadora\u201d"},"content":{"rendered":"<p>&nbsp;<\/p>\n<p>Proyecto de investigaci\u00f3n, \u201cInvestigaci\u00f3n escult\u00f3rica sobre m\u00e1rmol con sistemas de impresi\u00f3n UVI\u201d, con la Facultad de Bellas Artes de Murcia y la entidad financiera, Pep Sempere Estudio de Dise\u00f1o, S. L., por un importe de 2.331 \u20ac, y una duraci\u00f3n de tres meses, noviembre, diciembre de 2010 y enero de 2011.<\/p>\n<h5><strong>Investigaci\u00f3n escult\u00f3rica sobre m\u00e1rmol con impresi\u00f3n digital UVI<\/strong><\/h5>\n<p>Se trata de un proyecto de investigaci\u00f3n, que forma parte de la tesis doctoral que presento en Murcia, en el a\u00f1o 2011, con el t\u00edtulo: \u201cT\u00e9cnicas y acabados de superficie sobre la escultura en piedra. Investigaci\u00f3n pr\u00e1ctica con tratamientos qu\u00edmicos y mec\u00e1nicos en m\u00e1rmol\u201d.<\/p>\n<p>En esta parte se plantea explorar otros campos de experimentaci\u00f3n en la transferencia de im\u00e1genes sobre la piedra como la \u201cimpresi\u00f3n digital\u201d, apostando por m\u00e9todos industrializados y con una mayor garant\u00eda en la calidad del acabado.<\/p>\n<p>Para trabajar con esta t\u00e9cnica se ha seleccionado una clase de piedra natural con unas cualidades muy particulares, la calcita naranja, que posee un car\u00e1cter transparente y transl\u00facido muy interesante. Para estos ensayos se han impreso los dibujos de uno de los inventores y personajes m\u00e1s geniales de la historia, paradigma de la \u201cinnovaci\u00f3n\u201d, el gran Leonardo Da Vinci. Por medio de un grafismo y un trazo excepcional, sus ideas, palabras, bocetos, inventos\u2026, se han ido plasmando en la piedra, como una segunda piel, en esta obra que, a nivel personal, llamo \u201cFragmentos de sensaciones tangibles\u201d.<\/p>\n<h5><strong>\u201cLa gala de l\u00b4economia illicitana 2011, Elx, ciutat innovadora\u201d<\/strong><\/h5>\n<p>Por otro lado, estas piezas fueron seleccionadas para los premios a la empresa\u00a0y a la \u00a0innovaci\u00f3n, en Elche, en febrero del 2011.<\/p>\n<p>A raz\u00f3n de la artista:<\/p>\n<p>La idea de realizar estas obras me pareci\u00f3 muy atractiva porque a trav\u00e9s de ellos se me ofrece la oportunidad de brindar un homenaje a los empresarios ilicitanos, s\u00edmbolo de lucha, constancia e ingenio, cualidades que merecen ser reconocidas y valoradas, sobre todo, en estos tiempos tan complicados.<\/p>\n<p>Las esculturas realizadas tienen una relaci\u00f3n muy directa con los premios porque son el resultado de toda una trayectoria de investigaci\u00f3n, larga y costosa, de renuncias en pro de un proyecto que, como ya sabr\u00e1n ustedes, termina convirti\u00e9ndose en una apuesta muy personal, en un estilo de vida. Por ello, entiendo perfectamente el esfuerzo que realiza el \u201cinvestigador\u201d, agotador a la vez que emocionante, una pasi\u00f3n que nos motiva y nos mueve en la vida. Alguien me dijo una vez que \u201cvivo mi vida personal de forma muy profesional, y mi vida profesional de forma muy personal\u201d, lo cierto es que cuando un proyecto se materializa supone una inyecci\u00f3n de vida para cualquiera de nosotros.<\/p>\n<p>Cada pieza es una propuesta diferente, con tratamientos y resultados distintos, con el fin de conseguir piezas \u00fanicas. Se ha seleccionado una clase de piedra con agradable apariencia y tacto, tratada con una t\u00e9cnica original y exclusiva, dentro de una propuesta art\u00edstica contempor\u00e1nea. Se ha realizado un minucioso estudio y recopilaci\u00f3n de datos sobre uno de los inventores y personajes m\u00e1s geniales de la historia, paradigma de la \u201cinnovaci\u00f3n\u201d, el gran Leonardo Da Vinci, para ofreceros la oportunidad de tener en propiedad una peque\u00f1a parte de su gran legado, como un peque\u00f1o tesoro. Por medio de un grafismo y un trazo excepcional, sus ideas, sus palabras, sus bocetos, sus inventos se han ido plasmando en la piedra como una segunda piel.<\/p>\n<p>Cada pieza aporta un \u201cfragmento de sensaciones\u201d, mediante las texturas de cada una de sus caras y superficies, con tallas almohadilladas, punteadas o picadas, aspectos rugosos, suaves y pulidos, donde podr\u00e9is percibir las huellas del escultor con sus golpes aislados y en cualquier direcci\u00f3n, o sus marcas regulares y continuas.<\/p>\n<p>La calcita naranja posee un car\u00e1cter transparente o transl\u00facido muy interesante. Contemplarla a trav\u00e9s de la luz natural es todo un espect\u00e1culo. Su ubicaci\u00f3n es importante, cerca de una ventana podr\u00e9is apreciar los cambios de tonalidad de las diferentes estaciones del a\u00f1o.<\/p>\n<p>Por \u00faltimo, se dice que todas las variedades de color de las calcitas se consideran transformadoras de la energ\u00eda; la variedad naranja, libera las emociones negativas y realza el entusiasmo por la vida. Y algo de verdad debe haber en ello cuando existen ciertas cualidades de la piedra que no se pueden llegar a entender tan f\u00e1cilmente, como es ese poder de seducci\u00f3n que termina cautiv\u00e1ndote, generando una relaci\u00f3n especial entre el artista y la piedra. A lo largo de la historia, se le ha concedido estas y otras muchas propiedades, de car\u00e1cter simb\u00f3lico; de fuerza, de poder, divino, de protecci\u00f3n&#8230; Solo espero que en vuestras manos\u2026 la magia funcione.<\/p>\n<p>Un cordial saludo, Olga Rodr\u00edguez Pomares<\/p>\n<p>&nbsp;<\/p>\n<div id='gallery-1' class='gallery galleryid-257 gallery-columns-3 gallery-size-thumbnail'><figure class='gallery-item'>\n\t\t\t<div class='gallery-icon landscape'>\n\t\t\t\t<a href='http:\/\/olgarodriguezpomares.com\/wp-content\/uploads\/2016\/06\/IMG_9942.jpg' title=\"\" data-rl_title=\"\" class=\"rl-gallery-link\" data-rl_caption=\"\" data-rel=\"lightbox-gallery-1\"><img width=\"150\" height=\"150\" src=\"http:\/\/olgarodriguezpomares.com\/wp-content\/uploads\/2016\/06\/IMG_9942-150x150.jpg\" class=\"attachment-thumbnail size-thumbnail\" alt=\"\" decoding=\"async\" loading=\"lazy\" \/><\/a>\n\t\t\t<\/div><\/figure><figure class='gallery-item'>\n\t\t\t<div class='gallery-icon landscape'>\n\t\t\t\t<a href='http:\/\/olgarodriguezpomares.com\/wp-content\/uploads\/2016\/06\/IMG_9804.jpg' title=\"\" data-rl_title=\"\" class=\"rl-gallery-link\" data-rl_caption=\"\" data-rel=\"lightbox-gallery-1\"><img width=\"150\" height=\"150\" src=\"http:\/\/olgarodriguezpomares.com\/wp-content\/uploads\/2016\/06\/IMG_9804-150x150.jpg\" class=\"attachment-thumbnail size-thumbnail\" alt=\"\" decoding=\"async\" loading=\"lazy\" \/><\/a>\n\t\t\t<\/div><\/figure><figure class='gallery-item'>\n\t\t\t<div class='gallery-icon landscape'>\n\t\t\t\t<a href='http:\/\/olgarodriguezpomares.com\/wp-content\/uploads\/2016\/06\/IMG_9796.jpg' title=\"\" data-rl_title=\"\" class=\"rl-gallery-link\" data-rl_caption=\"\" data-rel=\"lightbox-gallery-1\"><img width=\"150\" height=\"150\" src=\"http:\/\/olgarodriguezpomares.com\/wp-content\/uploads\/2016\/06\/IMG_9796-150x150.jpg\" class=\"attachment-thumbnail size-thumbnail\" alt=\"\" decoding=\"async\" loading=\"lazy\" \/><\/a>\n\t\t\t<\/div><\/figure><figure class='gallery-item'>\n\t\t\t<div class='gallery-icon landscape'>\n\t\t\t\t<a href='http:\/\/olgarodriguezpomares.com\/wp-content\/uploads\/2016\/06\/IMG_9790.jpg' title=\"\" data-rl_title=\"\" class=\"rl-gallery-link\" data-rl_caption=\"\" data-rel=\"lightbox-gallery-1\"><img width=\"150\" height=\"150\" src=\"http:\/\/olgarodriguezpomares.com\/wp-content\/uploads\/2016\/06\/IMG_9790-150x150.jpg\" class=\"attachment-thumbnail size-thumbnail\" alt=\"\" decoding=\"async\" loading=\"lazy\" \/><\/a>\n\t\t\t<\/div><\/figure><figure class='gallery-item'>\n\t\t\t<div class='gallery-icon landscape'>\n\t\t\t\t<a href='http:\/\/olgarodriguezpomares.com\/wp-content\/uploads\/2016\/06\/IMG_9714.jpg' title=\"\" data-rl_title=\"\" class=\"rl-gallery-link\" data-rl_caption=\"\" data-rel=\"lightbox-gallery-1\"><img width=\"150\" height=\"150\" src=\"http:\/\/olgarodriguezpomares.com\/wp-content\/uploads\/2016\/06\/IMG_9714-150x150.jpg\" class=\"attachment-thumbnail size-thumbnail\" alt=\"\" decoding=\"async\" loading=\"lazy\" \/><\/a>\n\t\t\t<\/div><\/figure><figure class='gallery-item'>\n\t\t\t<div class='gallery-icon landscape'>\n\t\t\t\t<a href='http:\/\/olgarodriguezpomares.com\/wp-content\/uploads\/2016\/06\/IMG_9675.jpg' title=\"\" data-rl_title=\"\" class=\"rl-gallery-link\" data-rl_caption=\"\" data-rel=\"lightbox-gallery-1\"><img width=\"150\" height=\"150\" src=\"http:\/\/olgarodriguezpomares.com\/wp-content\/uploads\/2016\/06\/IMG_9675-150x150.jpg\" class=\"attachment-thumbnail size-thumbnail\" alt=\"\" decoding=\"async\" loading=\"lazy\" \/><\/a>\n\t\t\t<\/div><\/figure><figure class='gallery-item'>\n\t\t\t<div class='gallery-icon landscape'>\n\t\t\t\t<a href='http:\/\/olgarodriguezpomares.com\/wp-content\/uploads\/2016\/06\/IMG_9671.jpg' title=\"\" data-rl_title=\"\" class=\"rl-gallery-link\" data-rl_caption=\"\" data-rel=\"lightbox-gallery-1\"><img width=\"150\" height=\"150\" src=\"http:\/\/olgarodriguezpomares.com\/wp-content\/uploads\/2016\/06\/IMG_9671-150x150.jpg\" class=\"attachment-thumbnail size-thumbnail\" alt=\"\" decoding=\"async\" loading=\"lazy\" \/><\/a>\n\t\t\t<\/div><\/figure><figure class='gallery-item'>\n\t\t\t<div class='gallery-icon landscape'>\n\t\t\t\t<a href='http:\/\/olgarodriguezpomares.com\/wp-content\/uploads\/2016\/06\/IMG_9626.jpg' title=\"\" data-rl_title=\"\" class=\"rl-gallery-link\" data-rl_caption=\"\" data-rel=\"lightbox-gallery-1\"><img width=\"150\" height=\"150\" src=\"http:\/\/olgarodriguezpomares.com\/wp-content\/uploads\/2016\/06\/IMG_9626-150x150.jpg\" class=\"attachment-thumbnail size-thumbnail\" alt=\"\" decoding=\"async\" loading=\"lazy\" \/><\/a>\n\t\t\t<\/div><\/figure><figure class='gallery-item'>\n\t\t\t<div class='gallery-icon portrait'>\n\t\t\t\t<a href='http:\/\/olgarodriguezpomares.com\/wp-content\/uploads\/2016\/06\/IMG_9612.jpg' title=\"\" data-rl_title=\"\" class=\"rl-gallery-link\" data-rl_caption=\"\" data-rel=\"lightbox-gallery-1\"><img width=\"150\" height=\"150\" src=\"http:\/\/olgarodriguezpomares.com\/wp-content\/uploads\/2016\/06\/IMG_9612-150x150.jpg\" class=\"attachment-thumbnail size-thumbnail\" alt=\"\" decoding=\"async\" loading=\"lazy\" \/><\/a>\n\t\t\t<\/div><\/figure><figure class='gallery-item'>\n\t\t\t<div class='gallery-icon landscape'>\n\t\t\t\t<a href='http:\/\/olgarodriguezpomares.com\/wp-content\/uploads\/2016\/06\/IMG_9519.jpg' title=\"\" data-rl_title=\"\" class=\"rl-gallery-link\" data-rl_caption=\"\" data-rel=\"lightbox-gallery-1\"><img width=\"150\" height=\"150\" src=\"http:\/\/olgarodriguezpomares.com\/wp-content\/uploads\/2016\/06\/IMG_9519-150x150.jpg\" class=\"attachment-thumbnail size-thumbnail\" alt=\"\" decoding=\"async\" loading=\"lazy\" \/><\/a>\n\t\t\t<\/div><\/figure><figure class='gallery-item'>\n\t\t\t<div class='gallery-icon landscape'>\n\t\t\t\t<a href='http:\/\/olgarodriguezpomares.com\/wp-content\/uploads\/2016\/06\/IMG_9514.jpg' title=\"\" data-rl_title=\"\" class=\"rl-gallery-link\" data-rl_caption=\"\" data-rel=\"lightbox-gallery-1\"><img width=\"150\" height=\"150\" src=\"http:\/\/olgarodriguezpomares.com\/wp-content\/uploads\/2016\/06\/IMG_9514-150x150.jpg\" class=\"attachment-thumbnail size-thumbnail\" alt=\"\" decoding=\"async\" loading=\"lazy\" \/><\/a>\n\t\t\t<\/div><\/figure><figure class='gallery-item'>\n\t\t\t<div class='gallery-icon landscape'>\n\t\t\t\t<a href='http:\/\/olgarodriguezpomares.com\/wp-content\/uploads\/2016\/06\/IMG_9488.jpg' title=\"\" data-rl_title=\"\" class=\"rl-gallery-link\" data-rl_caption=\"\" data-rel=\"lightbox-gallery-1\"><img width=\"150\" height=\"150\" src=\"http:\/\/olgarodriguezpomares.com\/wp-content\/uploads\/2016\/06\/IMG_9488-150x150.jpg\" class=\"attachment-thumbnail size-thumbnail\" alt=\"\" decoding=\"async\" loading=\"lazy\" \/><\/a>\n\t\t\t<\/div><\/figure><figure class='gallery-item'>\n\t\t\t<div class='gallery-icon landscape'>\n\t\t\t\t<a href='http:\/\/olgarodriguezpomares.com\/wp-content\/uploads\/2016\/06\/IMG_9482.jpg' title=\"\" data-rl_title=\"\" class=\"rl-gallery-link\" data-rl_caption=\"\" data-rel=\"lightbox-gallery-1\"><img width=\"150\" height=\"150\" src=\"http:\/\/olgarodriguezpomares.com\/wp-content\/uploads\/2016\/06\/IMG_9482-150x150.jpg\" class=\"attachment-thumbnail size-thumbnail\" alt=\"\" decoding=\"async\" loading=\"lazy\" \/><\/a>\n\t\t\t<\/div><\/figure><figure class='gallery-item'>\n\t\t\t<div class='gallery-icon landscape'>\n\t\t\t\t<a href='http:\/\/olgarodriguezpomares.com\/wp-content\/uploads\/2016\/06\/IMG_00181.jpg' title=\"\" data-rl_title=\"\" class=\"rl-gallery-link\" data-rl_caption=\"\" data-rel=\"lightbox-gallery-1\"><img width=\"150\" height=\"150\" src=\"http:\/\/olgarodriguezpomares.com\/wp-content\/uploads\/2016\/06\/IMG_00181-150x150.jpg\" class=\"attachment-thumbnail size-thumbnail\" alt=\"\" decoding=\"async\" loading=\"lazy\" \/><\/a>\n\t\t\t<\/div><\/figure><figure class='gallery-item'>\n\t\t\t<div class='gallery-icon landscape'>\n\t\t\t\t<a href='http:\/\/olgarodriguezpomares.com\/wp-content\/uploads\/2016\/06\/IMG_9995.jpg' title=\"\" data-rl_title=\"\" class=\"rl-gallery-link\" data-rl_caption=\"\" data-rel=\"lightbox-gallery-1\"><img width=\"150\" height=\"150\" src=\"http:\/\/olgarodriguezpomares.com\/wp-content\/uploads\/2016\/06\/IMG_9995-150x150.jpg\" class=\"attachment-thumbnail size-thumbnail\" alt=\"\" decoding=\"async\" loading=\"lazy\" \/><\/a>\n\t\t\t<\/div><\/figure><figure class='gallery-item'>\n\t\t\t<div class='gallery-icon landscape'>\n\t\t\t\t<a href='http:\/\/olgarodriguezpomares.com\/wp-content\/uploads\/2016\/06\/IMG_9991.jpg' title=\"\" data-rl_title=\"\" class=\"rl-gallery-link\" data-rl_caption=\"\" data-rel=\"lightbox-gallery-1\"><img width=\"150\" height=\"150\" src=\"http:\/\/olgarodriguezpomares.com\/wp-content\/uploads\/2016\/06\/IMG_9991-150x150.jpg\" class=\"attachment-thumbnail size-thumbnail\" alt=\"\" decoding=\"async\" loading=\"lazy\" \/><\/a>\n\t\t\t<\/div><\/figure><figure class='gallery-item'>\n\t\t\t<div class='gallery-icon landscape'>\n\t\t\t\t<a href='http:\/\/olgarodriguezpomares.com\/wp-content\/uploads\/2016\/06\/IMG_9989.jpg' title=\"\" data-rl_title=\"\" class=\"rl-gallery-link\" data-rl_caption=\"\" data-rel=\"lightbox-gallery-1\"><img width=\"150\" height=\"150\" src=\"http:\/\/olgarodriguezpomares.com\/wp-content\/uploads\/2016\/06\/IMG_9989-150x150.jpg\" class=\"attachment-thumbnail size-thumbnail\" alt=\"\" decoding=\"async\" loading=\"lazy\" \/><\/a>\n\t\t\t<\/div><\/figure><figure class='gallery-item'>\n\t\t\t<div class='gallery-icon landscape'>\n\t\t\t\t<a href='http:\/\/olgarodriguezpomares.com\/wp-content\/uploads\/2016\/06\/IMG_9986.jpg' title=\"\" data-rl_title=\"\" class=\"rl-gallery-link\" data-rl_caption=\"\" data-rel=\"lightbox-gallery-1\"><img width=\"150\" height=\"150\" src=\"http:\/\/olgarodriguezpomares.com\/wp-content\/uploads\/2016\/06\/IMG_9986-150x150.jpg\" class=\"attachment-thumbnail size-thumbnail\" alt=\"\" decoding=\"async\" loading=\"lazy\" \/><\/a>\n\t\t\t<\/div><\/figure><figure class='gallery-item'>\n\t\t\t<div class='gallery-icon landscape'>\n\t\t\t\t<a href='http:\/\/olgarodriguezpomares.com\/wp-content\/uploads\/2016\/06\/IMG_9981.jpg' title=\"\" data-rl_title=\"\" class=\"rl-gallery-link\" data-rl_caption=\"\" data-rel=\"lightbox-gallery-1\"><img width=\"150\" height=\"150\" src=\"http:\/\/olgarodriguezpomares.com\/wp-content\/uploads\/2016\/06\/IMG_9981-150x150.jpg\" class=\"attachment-thumbnail size-thumbnail\" alt=\"\" decoding=\"async\" loading=\"lazy\" \/><\/a>\n\t\t\t<\/div><\/figure><figure class='gallery-item'>\n\t\t\t<div class='gallery-icon landscape'>\n\t\t\t\t<a href='http:\/\/olgarodriguezpomares.com\/wp-content\/uploads\/2016\/06\/IMG_9959.jpg' title=\"\" data-rl_title=\"\" class=\"rl-gallery-link\" data-rl_caption=\"\" data-rel=\"lightbox-gallery-1\"><img width=\"150\" height=\"150\" src=\"http:\/\/olgarodriguezpomares.com\/wp-content\/uploads\/2016\/06\/IMG_9959-150x150.jpg\" class=\"attachment-thumbnail size-thumbnail\" alt=\"\" decoding=\"async\" loading=\"lazy\" \/><\/a>\n\t\t\t<\/div><\/figure><figure class='gallery-item'>\n\t\t\t<div class='gallery-icon landscape'>\n\t\t\t\t<a href='http:\/\/olgarodriguezpomares.com\/wp-content\/uploads\/2016\/06\/IMG_9946.jpg' title=\"\" data-rl_title=\"\" class=\"rl-gallery-link\" data-rl_caption=\"\" data-rel=\"lightbox-gallery-1\"><img width=\"150\" height=\"150\" src=\"http:\/\/olgarodriguezpomares.com\/wp-content\/uploads\/2016\/06\/IMG_9946-150x150.jpg\" class=\"attachment-thumbnail size-thumbnail\" alt=\"\" decoding=\"async\" loading=\"lazy\" \/><\/a>\n\t\t\t<\/div><\/figure><figure class='gallery-item'>\n\t\t\t<div class='gallery-icon landscape'>\n\t\t\t\t<a href='http:\/\/olgarodriguezpomares.com\/wp-content\/uploads\/2016\/06\/IMG_0026.jpg' title=\"\" data-rl_title=\"\" class=\"rl-gallery-link\" data-rl_caption=\"\" data-rel=\"lightbox-gallery-1\"><img width=\"150\" height=\"150\" src=\"http:\/\/olgarodriguezpomares.com\/wp-content\/uploads\/2016\/06\/IMG_0026-150x150.jpg\" class=\"attachment-thumbnail size-thumbnail\" alt=\"\" decoding=\"async\" loading=\"lazy\" \/><\/a>\n\t\t\t<\/div><\/figure><figure class='gallery-item'>\n\t\t\t<div class='gallery-icon portrait'>\n\t\t\t\t<a href='http:\/\/olgarodriguezpomares.com\/wp-content\/uploads\/2016\/06\/IMG_0025.jpg' title=\"\" data-rl_title=\"\" class=\"rl-gallery-link\" data-rl_caption=\"\" data-rel=\"lightbox-gallery-1\"><img width=\"150\" height=\"150\" src=\"http:\/\/olgarodriguezpomares.com\/wp-content\/uploads\/2016\/06\/IMG_0025-150x150.jpg\" class=\"attachment-thumbnail size-thumbnail\" alt=\"\" decoding=\"async\" loading=\"lazy\" \/><\/a>\n\t\t\t<\/div><\/figure><figure class='gallery-item'>\n\t\t\t<div class='gallery-icon portrait'>\n\t\t\t\t<a href='http:\/\/olgarodriguezpomares.com\/wp-content\/uploads\/2016\/06\/IMG_0019.jpg' title=\"\" data-rl_title=\"\" class=\"rl-gallery-link\" data-rl_caption=\"\" data-rel=\"lightbox-gallery-1\"><img width=\"150\" height=\"150\" src=\"http:\/\/olgarodriguezpomares.com\/wp-content\/uploads\/2016\/06\/IMG_0019-150x150.jpg\" class=\"attachment-thumbnail size-thumbnail\" alt=\"\" decoding=\"async\" loading=\"lazy\" \/><\/a>\n\t\t\t<\/div><\/figure>\n\t\t<\/div>\n\n<p>&nbsp;<\/p>\n<p>&nbsp;<\/p>","protected":false},"excerpt":{"rendered":"<p>&nbsp; Proyecto de investigaci\u00f3n, \u201cInvestigaci\u00f3n escult\u00f3rica sobre m\u00e1rmol con sistemas de impresi\u00f3n UVI\u201d, con la Facultad de Bellas Artes de Murcia y la entidad financiera, Pep Sempere Estudio de Dise\u00f1o, S. L., por un importe de 2.331 \u20ac, y una duraci\u00f3n de tres meses, noviembre, diciembre de 2010 y enero de 2011. Investigaci\u00f3n escult\u00f3rica sobre &hellip; <a href=\"http:\/\/olgarodriguezpomares.com\/en\/investigacion\/proyecto-de-investigacion-diferentes-sistemas-de-impresion-digital-uvi\/\" class=\"more-link\">Continue reading <span class=\"screen-reader-text\">\u201cProyecto de Investigaci\u00f3n escult\u00f3rica sobre m\u00e1rmol con sistemas de impresi\u00f3n UVI\u201d. Universidad de Murcia, 2010. \u201cSerie Leonardo\u201d para la \u201cGala de la econom\u00eda ilicitana. Elx, Ciutat innovadora\u201d<\/span> <span class=\"meta-nav\">&rarr;<\/span><\/a><\/p>","protected":false},"author":1,"featured_media":0,"parent":251,"menu_order":1,"comment_status":"open","ping_status":"closed","template":"","meta":{"jetpack_post_was_ever_published":false},"jetpack_sharing_enabled":true,"jetpack_shortlink":"https:\/\/wp.me\/P5KNTl-49","jetpack-related-posts":[{"id":251,"url":"http:\/\/olgarodriguezpomares.com\/en\/investigacion\/","url_meta":{"origin":257,"position":0},"title":"Investigaci\u00f3n","author":"olgarp","date":"June 21, 2016","format":false,"excerpt":"- Proyecto de Investigaci\u00f3n \"Dise\u00f1o y Escultura P\u00fablica. Pe\u00f1arroya - Pueblonuevo\", Murcia, 2009. - Proyecto de Investigaci\u00f3n \"Diferentes Sistemas de Impresi\u00f3n Digital UVI en M\u00e1rmol\", \"Serie Leonardo\" para la \"Gala de la Econom\u00eda Ilicitana. Elx, Ciutat Innovadora\", Universidad de Murcia, noviembre 2010.","rel":"","context":"Similar post","block_context":{"text":"Similar post","link":""},"img":{"alt_text":"","src":"","width":0,"height":0},"classes":[]},{"id":42,"url":"http:\/\/olgarodriguezpomares.com\/en\/curriculum\/","url_meta":{"origin":257,"position":1},"title":"Curriculum antiguo","author":"olgarp","date":"March 3, 2015","format":false,"excerpt":"\u00cdNDICE DATOS PERSONALES TITULACI\u00d3N 1. EXPERIENCIA INVESTIGADORA 1.1. PUBLICACIONES CIENT\u00cdFICAS REVISTAS 1.2. LIBROS Y CAP\u00cdTULOS DE LIBROS 1.3. PARTICIPACI\u00d3N EN PROYECTOS Y\/O CONTRATOS DE INVESTIGACI\u00d3N 1.4. PATENTES, DISE\u00d1OS Y OTROS RESULTADOS DE LA INVESTIGACI\u00d3N 1.5. CREACIONES ART\u00cdSTICAS Y PROFESIONALES 1.6. OTROS M\u00c9RITOS RELEVANTES DE INVESTIGACI\u00d3N 2. EXPERIENCIA DOCENTE 2.1 PUESTOS\u2026","rel":"","context":"Similar post","block_context":{"text":"Similar post","link":""},"img":{"alt_text":"","src":"","width":0,"height":0},"classes":[]},{"id":616,"url":"http:\/\/olgarodriguezpomares.com\/en\/curriculum-nuevo\/","url_meta":{"origin":257,"position":2},"title":"Curr\u00edculum Vitae","author":"olgarp","date":"June 25, 2020","format":false,"excerpt":"APELLIDOS: Rodr\u00edguez Pomares NOMBRE: Olga FECHA DE NACIMIENTO: 31 de Enero de 1972 DNI: 33.488.252-E DIRECCI\u00d3N: Calle Hermanos Gonz\u00e1lvez Selva, 62, 4\u00aa planta CIUDA: Elche C. P.: 03206 PROVINCIA: Alicante PA\u00cdS: Espa\u00f1a TEL\u00c9FONO: 965 45 74 53 M\u00d3VIL: 651 390 333 COOREO: olgaiarte@hotmail.com TITULACI\u00d3N -Licenciada en Bellas Artes, Universidad Polit\u00e9cnica\u2026","rel":"","context":"Similar post","block_context":{"text":"Similar post","link":""},"img":{"alt_text":"","src":"","width":0,"height":0},"classes":[]},{"id":18,"url":"http:\/\/olgarodriguezpomares.com\/en\/","url_meta":{"origin":257,"position":3},"title":"Sobre la artista","author":"olgarp","date":"February 14, 2015","format":false,"excerpt":"Olga Rodr\u00edguez Pomares (Elche, 1972), es doctora en Bellas Artes por la Universidad de Murcia, en 2011, con la tesis doctoral titulada \"T\u00e9cnicas y acabados de superficie sobre la escultura en piedra. Investigaci\u00f3n pr\u00e1ctica con tratamientos qu\u00edmicos y mec\u00e1nicos en m\u00e1rmol\". Desde 1997, ha realizado diversas exposiciones colectivas e individuales\u2026","rel":"","context":"Similar post","block_context":{"text":"Similar post","link":""},"img":{"alt_text":"","src":"","width":0,"height":0},"classes":[]},{"id":552,"url":"http:\/\/olgarodriguezpomares.com\/en\/curriculum-actualizado\/","url_meta":{"origin":257,"position":4},"title":"Curriculum actualizado","author":"olgarp","date":"June 24, 2020","format":false,"excerpt":"\u00cdNDICE DATOS PERSONALES TITULACI\u00d3N 1. EXPERIENCIA INVESTIGADORA 1.1.1 PUBLICACIONES\u00a0 1.1.1 LIBROS\u00a0 1.1.2. CAPITULOS DE LIBROS 1.1.3.ARTICULOS EN REVISTAS CIENT\u00cdFICAS 1.3. PARTICIPACI\u00d3N EN PROYECTOS Y\/O CONTRATOS DE INVESTIGACI\u00d3N 1.4. PATENTES, DISE\u00d1OS Y OTROS RESULTADOS DE LA INVESTIGACI\u00d3N 1.5. CREACIONES ART\u00cdSTICAS Y PROFESIONALES 1.6. OTROS M\u00c9RITOS RELEVANTES DE INVESTIGACI\u00d3N 2. EXPERIENCIA DOCENTE\u2026","rel":"","context":"Similar post","block_context":{"text":"Similar post","link":""},"img":{"alt_text":"","src":"","width":0,"height":0},"classes":[]},{"id":51,"url":"http:\/\/olgarodriguezpomares.com\/en\/exposiciones\/","url_meta":{"origin":257,"position":5},"title":"Exposiciones","author":"olgarp","date":"March 3, 2015","format":false,"excerpt":"\u00a0 1.PARTICIPACI\u00d3N EN EXPOSICIONES ART\u00cdSTICAS NACIONALES E INTERNACIONALES. PUBLICACI\u00d3N DE CAT\u00c1LOGO 1.1.PARTICIPACI\u00d3N EN EXPOSICIONES ART\u00cdSTICAS DE CAR\u00c1CTER MONOGR\u00c1FICO. PUBLICACI\u00d3N DE CAT\u00c1LOGO -Exposici\u00f3n individual de escultura, Centre Juvenil Algiros, Ajuntament de Val\u00e8ncia, del 10 al 28 de noviembre de 1997, dentro de la \u201cIII Convocatoria del Programa de Difusi\u00f3 de les\u2026","rel":"","context":"Similar post","block_context":{"text":"Similar post","link":""},"img":{"alt_text":"","src":"","width":0,"height":0},"classes":[]}],"_links":{"self":[{"href":"http:\/\/olgarodriguezpomares.com\/en\/wp-json\/wp\/v2\/pages\/257"}],"collection":[{"href":"http:\/\/olgarodriguezpomares.com\/en\/wp-json\/wp\/v2\/pages"}],"about":[{"href":"http:\/\/olgarodriguezpomares.com\/en\/wp-json\/wp\/v2\/types\/page"}],"author":[{"embeddable":true,"href":"http:\/\/olgarodriguezpomares.com\/en\/wp-json\/wp\/v2\/users\/1"}],"replies":[{"embeddable":true,"href":"http:\/\/olgarodriguezpomares.com\/en\/wp-json\/wp\/v2\/comments?post=257"}],"version-history":[{"count":17,"href":"http:\/\/olgarodriguezpomares.com\/en\/wp-json\/wp\/v2\/pages\/257\/revisions"}],"predecessor-version":[{"id":578,"href":"http:\/\/olgarodriguezpomares.com\/en\/wp-json\/wp\/v2\/pages\/257\/revisions\/578"}],"up":[{"embeddable":true,"href":"http:\/\/olgarodriguezpomares.com\/en\/wp-json\/wp\/v2\/pages\/251"}],"wp:attachment":[{"href":"http:\/\/olgarodriguezpomares.com\/en\/wp-json\/wp\/v2\/media?parent=257"}],"curies":[{"name":"wp","href":"https:\/\/api.w.org\/{rel}","templated":true}]}}