{"id":376,"date":"2017-06-14T10:29:20","date_gmt":"2017-06-14T10:29:20","guid":{"rendered":"http:\/\/olgarodriguezpomares.com\/?page_id=376"},"modified":"2020-06-25T08:44:03","modified_gmt":"2020-06-25T08:44:03","slug":"morcris-medievarte","status":"publish","type":"page","link":"http:\/\/olgarodriguezpomares.com\/en\/exposiciones\/morcris-medievarte\/","title":{"rendered":"MOR&#038;CRIS. MEDIEVARTE. Museo Arqueol\u00f3gico de Murcia. 2015"},"content":{"rendered":"<p>&nbsp;<\/p>\n<p>&nbsp;<\/p>\n<p>&nbsp;<\/p>\n<p>Exposici\u00f3n colectiva MOR&amp;CRIS. MEDIEVARTE, Museo Arqueol\u00f3gico de Murcia, 18 artistas, del 24 de septiembre al 8 de noviembre de 2015.<\/p>\n<p><a href=\"http:\/\/olgarodriguezpomares.com\/wp-content\/uploads\/2017\/06\/DSC06086-RED.jpg\" data-rel=\"lightbox-gallery-mNx5xsCs\" data-rl_title=\"\" data-rl_caption=\"\" title=\"\"><img decoding=\"async\" loading=\"lazy\" class=\"size-medium wp-image-397 aligncenter\" src=\"http:\/\/olgarodriguezpomares.com\/wp-content\/uploads\/2017\/06\/DSC06086-RED-300x225.jpg\" alt=\"\" width=\"300\" height=\"225\" srcset=\"http:\/\/olgarodriguezpomares.com\/wp-content\/uploads\/2017\/06\/DSC06086-RED-300x225.jpg 300w, http:\/\/olgarodriguezpomares.com\/wp-content\/uploads\/2017\/06\/DSC06086-RED-768x576.jpg 768w, http:\/\/olgarodriguezpomares.com\/wp-content\/uploads\/2017\/06\/DSC06086-RED-1024x768.jpg 1024w\" sizes=\"(max-width: 300px) 100vw, 300px\" \/><\/a><\/p>\n<p>T\u00edtulo: \u00abHistoria, imagen y narraci\u00f3n de la Murcia del S. XIII\u00bb<\/p>\n<p>La obra es una alegor\u00eda a la \u00abCantiga CLXIX (169)\u00bb, dedicada a la Arrixaca primera patrona de Murcia. Es una l\u00e1mina donde podemos destacar el estilo y la belleza de las miniaturas, obras de artistas hispanos, claramente influenciados por la Escuela G\u00f3tica Francesa, donde fueron formados. A parte del valor que la Cantiga tiene para la ciudad, icono medieval del Reino de Murcia, armoniza el conjunto estableciendo un dialogo entre la historia y la memoria arquitect\u00f3nica del m\u00e1rmol. La narraci\u00f3n del relato en diversas im\u00e1genes sobre la condici\u00f3n de los musulmanes murcianos y la sublevaci\u00f3n mud\u00e9jar de 1264-66, establece un v\u00ednculo con la exposici\u00f3n. A su vez, el t\u00edtulo hace alusi\u00f3n a esta cr\u00f3nica detallada de la Historia de Murcia como si fuese una tableaux vivant del momento.<\/p>\n<p>Dimensiones: 70 x 80 x 37 cm<\/p>\n<p>Material \/T\u00e9cnica: M\u00e1rmol Marr\u00f3n Imperial, resina, acetato\/Talla de piedra y moldeo<\/p>\n<p><a href=\"http:\/\/olgarodriguezpomares.com\/wp-content\/uploads\/2017\/06\/IMG_7884-RED.jpg\" data-rel=\"lightbox-gallery-mNx5xsCs\" data-rl_title=\"\" data-rl_caption=\"\" title=\"\"><img decoding=\"async\" loading=\"lazy\" class=\"alignnone size-medium wp-image-387\" src=\"http:\/\/olgarodriguezpomares.com\/wp-content\/uploads\/2017\/06\/IMG_7884-RED-300x200.jpg\" alt=\"\" width=\"300\" height=\"200\" srcset=\"http:\/\/olgarodriguezpomares.com\/wp-content\/uploads\/2017\/06\/IMG_7884-RED-300x200.jpg 300w, http:\/\/olgarodriguezpomares.com\/wp-content\/uploads\/2017\/06\/IMG_7884-RED-768x511.jpg 768w, http:\/\/olgarodriguezpomares.com\/wp-content\/uploads\/2017\/06\/IMG_7884-RED-1024x682.jpg 1024w\" sizes=\"(max-width: 300px) 100vw, 300px\" \/><\/a> <a href=\"http:\/\/olgarodriguezpomares.com\/wp-content\/uploads\/2017\/06\/IMG_7886-RED.jpg\" data-rel=\"lightbox-gallery-mNx5xsCs\" data-rl_title=\"\" data-rl_caption=\"\" title=\"\"><img decoding=\"async\" loading=\"lazy\" class=\"alignnone size-medium wp-image-388\" src=\"http:\/\/olgarodriguezpomares.com\/wp-content\/uploads\/2017\/06\/IMG_7886-RED-300x200.jpg\" alt=\"\" width=\"300\" height=\"200\" srcset=\"http:\/\/olgarodriguezpomares.com\/wp-content\/uploads\/2017\/06\/IMG_7886-RED-300x200.jpg 300w, http:\/\/olgarodriguezpomares.com\/wp-content\/uploads\/2017\/06\/IMG_7886-RED-768x512.jpg 768w, http:\/\/olgarodriguezpomares.com\/wp-content\/uploads\/2017\/06\/IMG_7886-RED-1024x682.jpg 1024w\" sizes=\"(max-width: 300px) 100vw, 300px\" \/><\/a> <a href=\"http:\/\/olgarodriguezpomares.com\/wp-content\/uploads\/2017\/06\/IMG_7887-RED.jpg\" data-rel=\"lightbox-gallery-mNx5xsCs\" data-rl_title=\"\" data-rl_caption=\"\" title=\"\"><img decoding=\"async\" loading=\"lazy\" class=\"alignnone size-medium wp-image-390\" src=\"http:\/\/olgarodriguezpomares.com\/wp-content\/uploads\/2017\/06\/IMG_7887-RED-300x200.jpg\" alt=\"\" width=\"300\" height=\"200\" srcset=\"http:\/\/olgarodriguezpomares.com\/wp-content\/uploads\/2017\/06\/IMG_7887-RED-300x200.jpg 300w, http:\/\/olgarodriguezpomares.com\/wp-content\/uploads\/2017\/06\/IMG_7887-RED-768x512.jpg 768w, http:\/\/olgarodriguezpomares.com\/wp-content\/uploads\/2017\/06\/IMG_7887-RED-1024x682.jpg 1024w\" sizes=\"(max-width: 300px) 100vw, 300px\" \/><\/a> <a href=\"http:\/\/olgarodriguezpomares.com\/wp-content\/uploads\/2017\/06\/IMG_7890-RED.jpg\" data-rel=\"lightbox-gallery-mNx5xsCs\" data-rl_title=\"\" data-rl_caption=\"\" title=\"\"><img decoding=\"async\" loading=\"lazy\" class=\"alignnone size-medium wp-image-391\" src=\"http:\/\/olgarodriguezpomares.com\/wp-content\/uploads\/2017\/06\/IMG_7890-RED-300x200.jpg\" alt=\"\" width=\"300\" height=\"200\" srcset=\"http:\/\/olgarodriguezpomares.com\/wp-content\/uploads\/2017\/06\/IMG_7890-RED-300x200.jpg 300w, http:\/\/olgarodriguezpomares.com\/wp-content\/uploads\/2017\/06\/IMG_7890-RED-768x512.jpg 768w, http:\/\/olgarodriguezpomares.com\/wp-content\/uploads\/2017\/06\/IMG_7890-RED-1024x682.jpg 1024w\" sizes=\"(max-width: 300px) 100vw, 300px\" \/><\/a> <a href=\"http:\/\/olgarodriguezpomares.com\/wp-content\/uploads\/2017\/06\/IMG_7891-RED.jpg\" data-rel=\"lightbox-gallery-mNx5xsCs\" data-rl_title=\"\" data-rl_caption=\"\" title=\"\"><img decoding=\"async\" loading=\"lazy\" class=\"alignnone size-medium wp-image-392\" src=\"http:\/\/olgarodriguezpomares.com\/wp-content\/uploads\/2017\/06\/IMG_7891-RED-200x300.jpg\" alt=\"\" width=\"200\" height=\"300\" srcset=\"http:\/\/olgarodriguezpomares.com\/wp-content\/uploads\/2017\/06\/IMG_7891-RED-200x300.jpg 200w, http:\/\/olgarodriguezpomares.com\/wp-content\/uploads\/2017\/06\/IMG_7891-RED-768x1152.jpg 768w, http:\/\/olgarodriguezpomares.com\/wp-content\/uploads\/2017\/06\/IMG_7891-RED-682x1024.jpg 682w\" sizes=\"(max-width: 200px) 100vw, 200px\" \/><\/a> <a href=\"http:\/\/olgarodriguezpomares.com\/wp-content\/uploads\/2017\/06\/IMG_7892-RED.jpg\" data-rel=\"lightbox-gallery-mNx5xsCs\" data-rl_title=\"\" data-rl_caption=\"\" title=\"\"><img decoding=\"async\" loading=\"lazy\" class=\"alignnone size-medium wp-image-393\" src=\"http:\/\/olgarodriguezpomares.com\/wp-content\/uploads\/2017\/06\/IMG_7892-RED-300x200.jpg\" alt=\"\" width=\"300\" height=\"200\" srcset=\"http:\/\/olgarodriguezpomares.com\/wp-content\/uploads\/2017\/06\/IMG_7892-RED-300x200.jpg 300w, http:\/\/olgarodriguezpomares.com\/wp-content\/uploads\/2017\/06\/IMG_7892-RED-768x512.jpg 768w, http:\/\/olgarodriguezpomares.com\/wp-content\/uploads\/2017\/06\/IMG_7892-RED-1024x682.jpg 1024w\" sizes=\"(max-width: 300px) 100vw, 300px\" \/><\/a> <a href=\"http:\/\/olgarodriguezpomares.com\/wp-content\/uploads\/2017\/06\/IMG_7893-RED.jpg\" data-rel=\"lightbox-gallery-mNx5xsCs\" data-rl_title=\"\" data-rl_caption=\"\" title=\"\"><img decoding=\"async\" loading=\"lazy\" class=\"alignnone size-medium wp-image-394\" src=\"http:\/\/olgarodriguezpomares.com\/wp-content\/uploads\/2017\/06\/IMG_7893-RED-300x200.jpg\" alt=\"\" width=\"300\" height=\"200\" srcset=\"http:\/\/olgarodriguezpomares.com\/wp-content\/uploads\/2017\/06\/IMG_7893-RED-300x200.jpg 300w, http:\/\/olgarodriguezpomares.com\/wp-content\/uploads\/2017\/06\/IMG_7893-RED-768x512.jpg 768w, http:\/\/olgarodriguezpomares.com\/wp-content\/uploads\/2017\/06\/IMG_7893-RED-1024x682.jpg 1024w\" sizes=\"(max-width: 300px) 100vw, 300px\" \/><\/a> <a href=\"http:\/\/olgarodriguezpomares.com\/wp-content\/uploads\/2017\/06\/IMG_7902-RED-2.jpg\" data-rel=\"lightbox-gallery-mNx5xsCs\" data-rl_title=\"\" data-rl_caption=\"\" title=\"\"><img decoding=\"async\" loading=\"lazy\" class=\"alignnone size-medium wp-image-395\" src=\"http:\/\/olgarodriguezpomares.com\/wp-content\/uploads\/2017\/06\/IMG_7902-RED-2-300x200.jpg\" alt=\"\" width=\"300\" height=\"200\" srcset=\"http:\/\/olgarodriguezpomares.com\/wp-content\/uploads\/2017\/06\/IMG_7902-RED-2-300x200.jpg 300w, http:\/\/olgarodriguezpomares.com\/wp-content\/uploads\/2017\/06\/IMG_7902-RED-2-768x512.jpg 768w, http:\/\/olgarodriguezpomares.com\/wp-content\/uploads\/2017\/06\/IMG_7902-RED-2-1024x682.jpg 1024w\" sizes=\"(max-width: 300px) 100vw, 300px\" \/><\/a><\/p>\n<p>&nbsp;<\/p>\n<p>&nbsp;<\/p>","protected":false},"excerpt":{"rendered":"<p>&nbsp; &nbsp; &nbsp; Exposici\u00f3n colectiva MOR&amp;CRIS. MEDIEVARTE, Museo Arqueol\u00f3gico de Murcia, 18 artistas, del 24 de septiembre al 8 de noviembre de 2015. T\u00edtulo: \u00abHistoria, imagen y narraci\u00f3n de la Murcia del S. XIII\u00bb La obra es una alegor\u00eda a la \u00abCantiga CLXIX (169)\u00bb, dedicada a la Arrixaca primera patrona de Murcia. Es una l\u00e1mina &hellip; <a href=\"http:\/\/olgarodriguezpomares.com\/en\/exposiciones\/morcris-medievarte\/\" class=\"more-link\">Continue reading <span class=\"screen-reader-text\">MOR&#038;CRIS. MEDIEVARTE. Museo Arqueol\u00f3gico de Murcia. 2015<\/span> <span class=\"meta-nav\">&rarr;<\/span><\/a><\/p>","protected":false},"author":1,"featured_media":0,"parent":51,"menu_order":0,"comment_status":"open","ping_status":"closed","template":"","meta":{"jetpack_post_was_ever_published":false},"jetpack_sharing_enabled":true,"jetpack_shortlink":"https:\/\/wp.me\/P5KNTl-64","jetpack-related-posts":[{"id":51,"url":"http:\/\/olgarodriguezpomares.com\/en\/exposiciones\/","url_meta":{"origin":376,"position":0},"title":"Exposiciones","author":"olgarp","date":"March 3, 2015","format":false,"excerpt":"\u00a0 1.PARTICIPACI\u00d3N EN EXPOSICIONES ART\u00cdSTICAS NACIONALES E INTERNACIONALES. PUBLICACI\u00d3N DE CAT\u00c1LOGO 1.1.PARTICIPACI\u00d3N EN EXPOSICIONES ART\u00cdSTICAS DE CAR\u00c1CTER MONOGR\u00c1FICO. PUBLICACI\u00d3N DE CAT\u00c1LOGO -Exposici\u00f3n individual de escultura, Centre Juvenil Algiros, Ajuntament de Val\u00e8ncia, del 10 al 28 de noviembre de 1997, dentro de la \u201cIII Convocatoria del Programa de Difusi\u00f3 de les\u2026","rel":"","context":"Similar post","block_context":{"text":"Similar post","link":""},"img":{"alt_text":"","src":"","width":0,"height":0},"classes":[]},{"id":560,"url":"http:\/\/olgarodriguezpomares.com\/en\/lista-exposiciones\/","url_meta":{"origin":376,"position":1},"title":"Lista de exposiciones","author":"olgarp","date":"June 24, 2020","format":false,"excerpt":"1.PARTICIPACI\u00d3N EN EXPOSICIONES ART\u00cdSTICAS NACIONALES E INTERNACIONALES. PUBLICACI\u00d3N DE CAT\u00c1LOGO 1.1.PARTICIPACI\u00d3N EN EXPOSICIONES ART\u00cdSTICAS DE CAR\u00c1CTER MONOGR\u00c1FICO. PUBLICACI\u00d3N DE CAT\u00c1LOGO -Exposici\u00f3n individual de escultura, Centre Juvenil Algiros, Ajuntament de Val\u00e8ncia, del 10 al 28 de noviembre de 1997, dentro de la \u201cIII Convocatoria del Programa de Difusi\u00f3 de les Artes\u2026","rel":"","context":"Similar post","block_context":{"text":"Similar post","link":""},"img":{"alt_text":"","src":"","width":0,"height":0},"classes":[]},{"id":616,"url":"http:\/\/olgarodriguezpomares.com\/en\/curriculum-nuevo\/","url_meta":{"origin":376,"position":2},"title":"Curr\u00edculum Vitae","author":"olgarp","date":"June 25, 2020","format":false,"excerpt":"APELLIDOS: Rodr\u00edguez Pomares NOMBRE: Olga FECHA DE NACIMIENTO: 31 de Enero de 1972 DNI: 33.488.252-E DIRECCI\u00d3N: Calle Hermanos Gonz\u00e1lvez Selva, 62, 4\u00aa planta CIUDA: Elche C. P.: 03206 PROVINCIA: Alicante PA\u00cdS: Espa\u00f1a TEL\u00c9FONO: 965 45 74 53 M\u00d3VIL: 651 390 333 COOREO: olgaiarte@hotmail.com TITULACI\u00d3N -Licenciada en Bellas Artes, Universidad Polit\u00e9cnica\u2026","rel":"","context":"Similar post","block_context":{"text":"Similar post","link":""},"img":{"alt_text":"","src":"","width":0,"height":0},"classes":[]},{"id":42,"url":"http:\/\/olgarodriguezpomares.com\/en\/curriculum\/","url_meta":{"origin":376,"position":3},"title":"Curriculum antiguo","author":"olgarp","date":"March 3, 2015","format":false,"excerpt":"\u00cdNDICE DATOS PERSONALES TITULACI\u00d3N 1. EXPERIENCIA INVESTIGADORA 1.1. PUBLICACIONES CIENT\u00cdFICAS REVISTAS 1.2. LIBROS Y CAP\u00cdTULOS DE LIBROS 1.3. PARTICIPACI\u00d3N EN PROYECTOS Y\/O CONTRATOS DE INVESTIGACI\u00d3N 1.4. PATENTES, DISE\u00d1OS Y OTROS RESULTADOS DE LA INVESTIGACI\u00d3N 1.5. CREACIONES ART\u00cdSTICAS Y PROFESIONALES 1.6. OTROS M\u00c9RITOS RELEVANTES DE INVESTIGACI\u00d3N 2. EXPERIENCIA DOCENTE 2.1 PUESTOS\u2026","rel":"","context":"Similar post","block_context":{"text":"Similar post","link":""},"img":{"alt_text":"","src":"","width":0,"height":0},"classes":[]},{"id":552,"url":"http:\/\/olgarodriguezpomares.com\/en\/curriculum-actualizado\/","url_meta":{"origin":376,"position":4},"title":"Curriculum actualizado","author":"olgarp","date":"June 24, 2020","format":false,"excerpt":"\u00cdNDICE DATOS PERSONALES TITULACI\u00d3N 1. EXPERIENCIA INVESTIGADORA 1.1.1 PUBLICACIONES\u00a0 1.1.1 LIBROS\u00a0 1.1.2. CAPITULOS DE LIBROS 1.1.3.ARTICULOS EN REVISTAS CIENT\u00cdFICAS 1.3. PARTICIPACI\u00d3N EN PROYECTOS Y\/O CONTRATOS DE INVESTIGACI\u00d3N 1.4. PATENTES, DISE\u00d1OS Y OTROS RESULTADOS DE LA INVESTIGACI\u00d3N 1.5. CREACIONES ART\u00cdSTICAS Y PROFESIONALES 1.6. OTROS M\u00c9RITOS RELEVANTES DE INVESTIGACI\u00d3N 2. EXPERIENCIA DOCENTE\u2026","rel":"","context":"Similar post","block_context":{"text":"Similar post","link":""},"img":{"alt_text":"","src":"","width":0,"height":0},"classes":[]},{"id":18,"url":"http:\/\/olgarodriguezpomares.com\/en\/","url_meta":{"origin":376,"position":5},"title":"Sobre la artista","author":"olgarp","date":"February 14, 2015","format":false,"excerpt":"Olga Rodr\u00edguez Pomares (Elche, 1972), es doctora en Bellas Artes por la Universidad de Murcia, en 2011, con la tesis doctoral titulada \"T\u00e9cnicas y acabados de superficie sobre la escultura en piedra. Investigaci\u00f3n pr\u00e1ctica con tratamientos qu\u00edmicos y mec\u00e1nicos en m\u00e1rmol\". Desde 1997, ha realizado diversas exposiciones colectivas e individuales\u2026","rel":"","context":"Similar post","block_context":{"text":"Similar post","link":""},"img":{"alt_text":"","src":"","width":0,"height":0},"classes":[]}],"_links":{"self":[{"href":"http:\/\/olgarodriguezpomares.com\/en\/wp-json\/wp\/v2\/pages\/376"}],"collection":[{"href":"http:\/\/olgarodriguezpomares.com\/en\/wp-json\/wp\/v2\/pages"}],"about":[{"href":"http:\/\/olgarodriguezpomares.com\/en\/wp-json\/wp\/v2\/types\/page"}],"author":[{"embeddable":true,"href":"http:\/\/olgarodriguezpomares.com\/en\/wp-json\/wp\/v2\/users\/1"}],"replies":[{"embeddable":true,"href":"http:\/\/olgarodriguezpomares.com\/en\/wp-json\/wp\/v2\/comments?post=376"}],"version-history":[{"count":6,"href":"http:\/\/olgarodriguezpomares.com\/en\/wp-json\/wp\/v2\/pages\/376\/revisions"}],"predecessor-version":[{"id":574,"href":"http:\/\/olgarodriguezpomares.com\/en\/wp-json\/wp\/v2\/pages\/376\/revisions\/574"}],"up":[{"embeddable":true,"href":"http:\/\/olgarodriguezpomares.com\/en\/wp-json\/wp\/v2\/pages\/51"}],"wp:attachment":[{"href":"http:\/\/olgarodriguezpomares.com\/en\/wp-json\/wp\/v2\/media?parent=376"}],"curies":[{"name":"wp","href":"https:\/\/api.w.org\/{rel}","templated":true}]}}