{"id":463,"date":"2017-06-22T22:05:22","date_gmt":"2017-06-22T22:05:22","guid":{"rendered":"http:\/\/olgarodriguezpomares.com\/?page_id=463"},"modified":"2020-06-27T13:38:27","modified_gmt":"2020-06-27T13:38:27","slug":"homenaje-a-miguel-hernandez-75-x-75","status":"publish","type":"page","link":"http:\/\/olgarodriguezpomares.com\/en\/exposiciones\/homenaje-a-miguel-hernandez-75-x-75\/","title":{"rendered":"\u00abHomenaje a Miguel Hern\u00e1ndez 75 x 75.\u00bb Sala de exposiciones \u201cLonja del Pescador\u201d de Alicante. 2017"},"content":{"rendered":"<p>Exposici\u00f3n colectiva \u201cHomenaje a Miguel Hern\u00e1ndez 75 x 75\u201d, con artistas de la talla de Arcadi Blasco, Pepe Azor\u00edn, Joan Castej\u00f3n, Toni Mir\u00f3, entre otros, Sala Municipal de Exposiciones \u201cLonja del Pescador\u201d (Alicante), del 17 de marzo al 7 de mayo de 2017.<\/p>\n<p><a href=\"http:\/\/olgarodriguezpomares.com\/wp-content\/uploads\/2017\/06\/115-RODRIGUEZ-POMARES-OLGA-REDUC-2-copia.jpg\" data-rel=\"lightbox-gallery-Iu5v33DU\" data-rl_title=\"\" data-rl_caption=\"\" title=\"\"><br \/>\n<img decoding=\"async\" loading=\"lazy\" class=\"size-medium wp-image-466 aligncenter\" src=\"http:\/\/olgarodriguezpomares.com\/wp-content\/uploads\/2017\/06\/115-RODRIGUEZ-POMARES-OLGA-REDUC-2-copia-300x296.jpg\" alt=\"\" width=\"300\" height=\"296\" srcset=\"http:\/\/olgarodriguezpomares.com\/wp-content\/uploads\/2017\/06\/115-RODRIGUEZ-POMARES-OLGA-REDUC-2-copia-300x296.jpg 300w, http:\/\/olgarodriguezpomares.com\/wp-content\/uploads\/2017\/06\/115-RODRIGUEZ-POMARES-OLGA-REDUC-2-copia-768x757.jpg 768w, http:\/\/olgarodriguezpomares.com\/wp-content\/uploads\/2017\/06\/115-RODRIGUEZ-POMARES-OLGA-REDUC-2-copia-1024x1009.jpg 1024w\" sizes=\"(max-width: 300px) 100vw, 300px\" \/><\/a><\/p>\n<p><span style=\"color: #000000; font-family: Calibri;\">\u00abCuentos para Manolillo\u00bb<\/span><\/p>\n<p><span style=\"color: #000000; font-family: Calibri;\">No jugar\u00e9 contigo. Te dejar\u00e9 un sue\u00f1o, un juego antiguo, donde la proporci\u00f3n ser\u00e1 tu alma. Me esperar\u00e1s donde sea. Siempre estar\u00e9 en ti. Te guardar\u00e9 el bocadillo que nunca comeremos juntos. <\/span><\/p>\n<p><span style=\"color: #000000; font-family: Calibri;\">Alguien pensar\u00e1 en ti y yo no estar\u00e9. T\u00fa no estar\u00e1s, ni el bocadillo. Te quiero como un padre quiere a un hijo. Yo, que escrib\u00ed sobre limones y su arquitectura, desaparec\u00ed. T\u00fa tambi\u00e9n. Apenas el mito de la palabra del hijo. <\/span><\/p>\n<p><span style=\"color: #000000; font-family: Calibri;\">Manolillo\u2026 Un cuento, un presidio, un sue\u00f1o, un recuerdo vivo, un r\u00edo. No huyas jam\u00e1s, te espero.<\/span><\/p>\n<p><span style=\"color: #000000; font-family: Calibri;\">Anna \u00c1lvarez, hija del maestro Luis \u00c1lvarez Izquierdo, pasajero n\u00famero 1904 del Stanbrook.<\/span><\/p>\n<p>&nbsp;<\/p>\n<p><a href=\"http:\/\/olgarodriguezpomares.com\/wp-content\/uploads\/2017\/06\/DSC_4037-red.jpg\" data-rel=\"lightbox-gallery-Iu5v33DU\" data-rl_title=\"\" data-rl_caption=\"\" title=\"\"><img decoding=\"async\" loading=\"lazy\" class=\"alignnone size-medium wp-image-467\" src=\"http:\/\/olgarodriguezpomares.com\/wp-content\/uploads\/2017\/06\/DSC_4037-red-169x300.jpg\" alt=\"\" width=\"169\" height=\"300\" srcset=\"http:\/\/olgarodriguezpomares.com\/wp-content\/uploads\/2017\/06\/DSC_4037-red-169x300.jpg 169w, http:\/\/olgarodriguezpomares.com\/wp-content\/uploads\/2017\/06\/DSC_4037-red-768x1366.jpg 768w, http:\/\/olgarodriguezpomares.com\/wp-content\/uploads\/2017\/06\/DSC_4037-red-576x1024.jpg 576w, http:\/\/olgarodriguezpomares.com\/wp-content\/uploads\/2017\/06\/DSC_4037-red.jpg 1406w\" sizes=\"(max-width: 169px) 100vw, 169px\" \/><\/a><a href=\"http:\/\/olgarodriguezpomares.com\/wp-content\/uploads\/2017\/06\/IMG-20170207-WA0067.jpg\" data-rel=\"lightbox-gallery-Iu5v33DU\" data-rl_title=\"\" data-rl_caption=\"\" title=\"\"><img decoding=\"async\" loading=\"lazy\" class=\"alignnone size-medium wp-image-479\" src=\"http:\/\/olgarodriguezpomares.com\/wp-content\/uploads\/2017\/06\/IMG-20170207-WA0067-169x300.jpg\" alt=\"\" width=\"169\" height=\"300\" srcset=\"http:\/\/olgarodriguezpomares.com\/wp-content\/uploads\/2017\/06\/IMG-20170207-WA0067-169x300.jpg 169w, http:\/\/olgarodriguezpomares.com\/wp-content\/uploads\/2017\/06\/IMG-20170207-WA0067-768x1364.jpg 768w, http:\/\/olgarodriguezpomares.com\/wp-content\/uploads\/2017\/06\/IMG-20170207-WA0067-576x1024.jpg 576w, http:\/\/olgarodriguezpomares.com\/wp-content\/uploads\/2017\/06\/IMG-20170207-WA0067.jpg 900w\" sizes=\"(max-width: 169px) 100vw, 169px\" \/><\/a><a href=\"http:\/\/olgarodriguezpomares.com\/wp-content\/uploads\/2017\/06\/IMG-20170207-WA0073.jpg\" data-rel=\"lightbox-gallery-Iu5v33DU\" data-rl_title=\"\" data-rl_caption=\"\" title=\"\"><img decoding=\"async\" loading=\"lazy\" class=\"alignnone size-medium wp-image-481\" src=\"http:\/\/olgarodriguezpomares.com\/wp-content\/uploads\/2017\/06\/IMG-20170207-WA0073-169x300.jpg\" alt=\"\" width=\"169\" height=\"300\" srcset=\"http:\/\/olgarodriguezpomares.com\/wp-content\/uploads\/2017\/06\/IMG-20170207-WA0073-169x300.jpg 169w, http:\/\/olgarodriguezpomares.com\/wp-content\/uploads\/2017\/06\/IMG-20170207-WA0073-768x1364.jpg 768w, http:\/\/olgarodriguezpomares.com\/wp-content\/uploads\/2017\/06\/IMG-20170207-WA0073-576x1024.jpg 576w, http:\/\/olgarodriguezpomares.com\/wp-content\/uploads\/2017\/06\/IMG-20170207-WA0073.jpg 900w\" sizes=\"(max-width: 169px) 100vw, 169px\" \/><\/a> <a href=\"http:\/\/olgarodriguezpomares.com\/wp-content\/uploads\/2017\/06\/DSC_4055-red-copia.jpg\" data-rel=\"lightbox-gallery-Iu5v33DU\" data-rl_title=\"\" data-rl_caption=\"\" title=\"\"><img decoding=\"async\" loading=\"lazy\" class=\"alignnone size-medium wp-image-474\" src=\"http:\/\/olgarodriguezpomares.com\/wp-content\/uploads\/2017\/06\/DSC_4055-red-copia-169x300.jpg\" alt=\"\" width=\"169\" height=\"300\" srcset=\"http:\/\/olgarodriguezpomares.com\/wp-content\/uploads\/2017\/06\/DSC_4055-red-copia-169x300.jpg 169w, http:\/\/olgarodriguezpomares.com\/wp-content\/uploads\/2017\/06\/DSC_4055-red-copia-768x1366.jpg 768w, http:\/\/olgarodriguezpomares.com\/wp-content\/uploads\/2017\/06\/DSC_4055-red-copia-576x1024.jpg 576w, http:\/\/olgarodriguezpomares.com\/wp-content\/uploads\/2017\/06\/DSC_4055-red-copia.jpg 1406w\" sizes=\"(max-width: 169px) 100vw, 169px\" \/><\/a><a href=\"http:\/\/olgarodriguezpomares.com\/wp-content\/uploads\/2017\/06\/IMG-20170207-WA0065.jpg\" data-rel=\"lightbox-gallery-Iu5v33DU\" data-rl_title=\"\" data-rl_caption=\"\" title=\"\"><img decoding=\"async\" loading=\"lazy\" class=\"alignnone size-medium wp-image-478\" src=\"http:\/\/olgarodriguezpomares.com\/wp-content\/uploads\/2017\/06\/IMG-20170207-WA0065-169x300.jpg\" alt=\"\" width=\"169\" height=\"300\" srcset=\"http:\/\/olgarodriguezpomares.com\/wp-content\/uploads\/2017\/06\/IMG-20170207-WA0065-169x300.jpg 169w, http:\/\/olgarodriguezpomares.com\/wp-content\/uploads\/2017\/06\/IMG-20170207-WA0065-768x1364.jpg 768w, http:\/\/olgarodriguezpomares.com\/wp-content\/uploads\/2017\/06\/IMG-20170207-WA0065-576x1024.jpg 576w, http:\/\/olgarodriguezpomares.com\/wp-content\/uploads\/2017\/06\/IMG-20170207-WA0065.jpg 900w\" sizes=\"(max-width: 169px) 100vw, 169px\" \/><\/a><a href=\"http:\/\/olgarodriguezpomares.com\/wp-content\/uploads\/2017\/06\/IMG-20170207-WA0068.jpg\" data-rel=\"lightbox-gallery-Iu5v33DU\" data-rl_title=\"\" data-rl_caption=\"\" title=\"\"><img decoding=\"async\" loading=\"lazy\" class=\"alignnone size-medium wp-image-480\" src=\"http:\/\/olgarodriguezpomares.com\/wp-content\/uploads\/2017\/06\/IMG-20170207-WA0068-169x300.jpg\" alt=\"\" width=\"169\" height=\"300\" srcset=\"http:\/\/olgarodriguezpomares.com\/wp-content\/uploads\/2017\/06\/IMG-20170207-WA0068-169x300.jpg 169w, http:\/\/olgarodriguezpomares.com\/wp-content\/uploads\/2017\/06\/IMG-20170207-WA0068-768x1364.jpg 768w, http:\/\/olgarodriguezpomares.com\/wp-content\/uploads\/2017\/06\/IMG-20170207-WA0068-576x1024.jpg 576w, http:\/\/olgarodriguezpomares.com\/wp-content\/uploads\/2017\/06\/IMG-20170207-WA0068.jpg 900w\" sizes=\"(max-width: 169px) 100vw, 169px\" \/><\/a><a href=\"http:\/\/olgarodriguezpomares.com\/wp-content\/uploads\/2017\/06\/DSC_4039-red-copia.jpg\" data-rel=\"lightbox-gallery-Iu5v33DU\" data-rl_title=\"\" data-rl_caption=\"\" title=\"\"><img decoding=\"async\" loading=\"lazy\" class=\"alignnone size-medium wp-image-468\" src=\"http:\/\/olgarodriguezpomares.com\/wp-content\/uploads\/2017\/06\/DSC_4039-red-copia-300x169.jpg\" alt=\"\" width=\"300\" height=\"169\" srcset=\"http:\/\/olgarodriguezpomares.com\/wp-content\/uploads\/2017\/06\/DSC_4039-red-copia-300x169.jpg 300w, http:\/\/olgarodriguezpomares.com\/wp-content\/uploads\/2017\/06\/DSC_4039-red-copia-768x432.jpg 768w, http:\/\/olgarodriguezpomares.com\/wp-content\/uploads\/2017\/06\/DSC_4039-red-copia-1024x576.jpg 1024w\" sizes=\"(max-width: 300px) 100vw, 300px\" \/><\/a><a href=\"http:\/\/olgarodriguezpomares.com\/wp-content\/uploads\/2017\/06\/DSC_4041-red-copia.jpg\" data-rel=\"lightbox-gallery-Iu5v33DU\" data-rl_title=\"\" data-rl_caption=\"\" title=\"\"><img decoding=\"async\" loading=\"lazy\" class=\"alignnone size-medium wp-image-469\" src=\"http:\/\/olgarodriguezpomares.com\/wp-content\/uploads\/2017\/06\/DSC_4041-red-copia-300x169.jpg\" alt=\"\" width=\"300\" height=\"169\" srcset=\"http:\/\/olgarodriguezpomares.com\/wp-content\/uploads\/2017\/06\/DSC_4041-red-copia-300x169.jpg 300w, http:\/\/olgarodriguezpomares.com\/wp-content\/uploads\/2017\/06\/DSC_4041-red-copia-768x432.jpg 768w, http:\/\/olgarodriguezpomares.com\/wp-content\/uploads\/2017\/06\/DSC_4041-red-copia-1024x576.jpg 1024w\" sizes=\"(max-width: 300px) 100vw, 300px\" \/><\/a> <a href=\"http:\/\/olgarodriguezpomares.com\/wp-content\/uploads\/2017\/06\/DSC_4047-red-copia.jpg\" data-rel=\"lightbox-gallery-Iu5v33DU\" data-rl_title=\"\" data-rl_caption=\"\" title=\"\"><img decoding=\"async\" loading=\"lazy\" class=\"alignnone size-medium wp-image-470\" src=\"http:\/\/olgarodriguezpomares.com\/wp-content\/uploads\/2017\/06\/DSC_4047-red-copia-300x169.jpg\" alt=\"\" width=\"300\" height=\"169\" srcset=\"http:\/\/olgarodriguezpomares.com\/wp-content\/uploads\/2017\/06\/DSC_4047-red-copia-300x169.jpg 300w, http:\/\/olgarodriguezpomares.com\/wp-content\/uploads\/2017\/06\/DSC_4047-red-copia-768x432.jpg 768w, http:\/\/olgarodriguezpomares.com\/wp-content\/uploads\/2017\/06\/DSC_4047-red-copia-1024x576.jpg 1024w\" sizes=\"(max-width: 300px) 100vw, 300px\" \/><\/a><a href=\"http:\/\/olgarodriguezpomares.com\/wp-content\/uploads\/2017\/06\/DSC_4048-red-copia.jpg\" data-rel=\"lightbox-gallery-Iu5v33DU\" data-rl_title=\"\" data-rl_caption=\"\" title=\"\"><img decoding=\"async\" loading=\"lazy\" class=\"alignnone size-medium wp-image-471\" src=\"http:\/\/olgarodriguezpomares.com\/wp-content\/uploads\/2017\/06\/DSC_4048-red-copia-300x169.jpg\" alt=\"\" width=\"300\" height=\"169\" srcset=\"http:\/\/olgarodriguezpomares.com\/wp-content\/uploads\/2017\/06\/DSC_4048-red-copia-300x169.jpg 300w, http:\/\/olgarodriguezpomares.com\/wp-content\/uploads\/2017\/06\/DSC_4048-red-copia-768x432.jpg 768w, http:\/\/olgarodriguezpomares.com\/wp-content\/uploads\/2017\/06\/DSC_4048-red-copia-1024x576.jpg 1024w\" sizes=\"(max-width: 300px) 100vw, 300px\" \/><\/a> <a href=\"http:\/\/olgarodriguezpomares.com\/wp-content\/uploads\/2017\/06\/DSC_4052-red-copia.jpg\" data-rel=\"lightbox-gallery-Iu5v33DU\" data-rl_title=\"\" data-rl_caption=\"\" title=\"\"><img decoding=\"async\" loading=\"lazy\" class=\"alignnone size-medium wp-image-472\" src=\"http:\/\/olgarodriguezpomares.com\/wp-content\/uploads\/2017\/06\/DSC_4052-red-copia-300x169.jpg\" alt=\"\" width=\"300\" height=\"169\" srcset=\"http:\/\/olgarodriguezpomares.com\/wp-content\/uploads\/2017\/06\/DSC_4052-red-copia-300x169.jpg 300w, http:\/\/olgarodriguezpomares.com\/wp-content\/uploads\/2017\/06\/DSC_4052-red-copia-768x432.jpg 768w, http:\/\/olgarodriguezpomares.com\/wp-content\/uploads\/2017\/06\/DSC_4052-red-copia-1024x576.jpg 1024w\" sizes=\"(max-width: 300px) 100vw, 300px\" \/><\/a><a href=\"http:\/\/olgarodriguezpomares.com\/wp-content\/uploads\/2017\/06\/DSC_4056-red-copia.jpg\" data-rel=\"lightbox-gallery-Iu5v33DU\" data-rl_title=\"\" data-rl_caption=\"\" title=\"\"><img decoding=\"async\" loading=\"lazy\" class=\"alignnone size-medium wp-image-475\" src=\"http:\/\/olgarodriguezpomares.com\/wp-content\/uploads\/2017\/06\/DSC_4056-red-copia-300x169.jpg\" alt=\"\" width=\"300\" height=\"169\" srcset=\"http:\/\/olgarodriguezpomares.com\/wp-content\/uploads\/2017\/06\/DSC_4056-red-copia-300x169.jpg 300w, http:\/\/olgarodriguezpomares.com\/wp-content\/uploads\/2017\/06\/DSC_4056-red-copia-768x432.jpg 768w, http:\/\/olgarodriguezpomares.com\/wp-content\/uploads\/2017\/06\/DSC_4056-red-copia-1024x576.jpg 1024w\" sizes=\"(max-width: 300px) 100vw, 300px\" \/><\/a><a href=\"http:\/\/olgarodriguezpomares.com\/wp-content\/uploads\/2017\/06\/mi-amante-cuerpo-poesia-Miguel-Hernandez-Euroresidentes.jpg\" data-rel=\"lightbox-gallery-Iu5v33DU\" data-rl_title=\"\" data-rl_caption=\"\" title=\"\"><img decoding=\"async\" loading=\"lazy\" class=\"size-medium wp-image-482 aligncenter\" src=\"http:\/\/olgarodriguezpomares.com\/wp-content\/uploads\/2017\/06\/mi-amante-cuerpo-poesia-Miguel-Hernandez-Euroresidentes-300x225.jpg\" alt=\"\" width=\"300\" height=\"225\" srcset=\"http:\/\/olgarodriguezpomares.com\/wp-content\/uploads\/2017\/06\/mi-amante-cuerpo-poesia-Miguel-Hernandez-Euroresidentes-300x225.jpg 300w, http:\/\/olgarodriguezpomares.com\/wp-content\/uploads\/2017\/06\/mi-amante-cuerpo-poesia-Miguel-Hernandez-Euroresidentes-768x576.jpg 768w, http:\/\/olgarodriguezpomares.com\/wp-content\/uploads\/2017\/06\/mi-amante-cuerpo-poesia-Miguel-Hernandez-Euroresidentes.jpg 960w\" sizes=\"(max-width: 300px) 100vw, 300px\" \/><\/a><a href=\"http:\/\/olgarodriguezpomares.com\/wp-content\/uploads\/2017\/06\/DSC_4952-red-copia.jpg\" data-rel=\"lightbox-gallery-Iu5v33DU\" data-rl_title=\"\" data-rl_caption=\"\" title=\"\"><img decoding=\"async\" loading=\"lazy\" class=\"alignnone size-medium wp-image-484\" src=\"http:\/\/olgarodriguezpomares.com\/wp-content\/uploads\/2017\/06\/DSC_4952-red-copia-300x169.jpg\" alt=\"\" width=\"300\" height=\"169\" srcset=\"http:\/\/olgarodriguezpomares.com\/wp-content\/uploads\/2017\/06\/DSC_4952-red-copia-300x169.jpg 300w, http:\/\/olgarodriguezpomares.com\/wp-content\/uploads\/2017\/06\/DSC_4952-red-copia-768x432.jpg 768w, http:\/\/olgarodriguezpomares.com\/wp-content\/uploads\/2017\/06\/DSC_4952-red-copia-1024x576.jpg 1024w\" sizes=\"(max-width: 300px) 100vw, 300px\" \/><\/a><a href=\"http:\/\/olgarodriguezpomares.com\/wp-content\/uploads\/2017\/06\/DSC_4953-red-copia.jpg\" data-rel=\"lightbox-gallery-Iu5v33DU\" data-rl_title=\"\" data-rl_caption=\"\" title=\"\"><img decoding=\"async\" loading=\"lazy\" class=\"alignnone size-medium wp-image-485\" src=\"http:\/\/olgarodriguezpomares.com\/wp-content\/uploads\/2017\/06\/DSC_4953-red-copia-300x169.jpg\" alt=\"\" width=\"300\" height=\"169\" srcset=\"http:\/\/olgarodriguezpomares.com\/wp-content\/uploads\/2017\/06\/DSC_4953-red-copia-300x169.jpg 300w, http:\/\/olgarodriguezpomares.com\/wp-content\/uploads\/2017\/06\/DSC_4953-red-copia-768x432.jpg 768w, http:\/\/olgarodriguezpomares.com\/wp-content\/uploads\/2017\/06\/DSC_4953-red-copia-1024x576.jpg 1024w\" sizes=\"(max-width: 300px) 100vw, 300px\" \/><\/a><a href=\"http:\/\/olgarodriguezpomares.com\/wp-content\/uploads\/2017\/06\/DSC_4957-red-copia.jpg\" data-rel=\"lightbox-gallery-Iu5v33DU\" data-rl_title=\"\" data-rl_caption=\"\" title=\"\"><img decoding=\"async\" loading=\"lazy\" class=\"alignnone size-medium wp-image-486\" src=\"http:\/\/olgarodriguezpomares.com\/wp-content\/uploads\/2017\/06\/DSC_4957-red-copia-300x169.jpg\" alt=\"\" width=\"300\" height=\"169\" srcset=\"http:\/\/olgarodriguezpomares.com\/wp-content\/uploads\/2017\/06\/DSC_4957-red-copia-300x169.jpg 300w, http:\/\/olgarodriguezpomares.com\/wp-content\/uploads\/2017\/06\/DSC_4957-red-copia-768x432.jpg 768w, http:\/\/olgarodriguezpomares.com\/wp-content\/uploads\/2017\/06\/DSC_4957-red-copia-1024x576.jpg 1024w\" sizes=\"(max-width: 300px) 100vw, 300px\" \/><\/a><a href=\"http:\/\/olgarodriguezpomares.com\/wp-content\/uploads\/2017\/06\/DSC_4963-red-copia.jpg\" data-rel=\"lightbox-gallery-Iu5v33DU\" data-rl_title=\"\" data-rl_caption=\"\" title=\"\"><img decoding=\"async\" loading=\"lazy\" class=\"alignnone size-medium wp-image-487\" src=\"http:\/\/olgarodriguezpomares.com\/wp-content\/uploads\/2017\/06\/DSC_4963-red-copia-300x169.jpg\" alt=\"\" width=\"300\" height=\"169\" srcset=\"http:\/\/olgarodriguezpomares.com\/wp-content\/uploads\/2017\/06\/DSC_4963-red-copia-300x169.jpg 300w, http:\/\/olgarodriguezpomares.com\/wp-content\/uploads\/2017\/06\/DSC_4963-red-copia-768x432.jpg 768w, http:\/\/olgarodriguezpomares.com\/wp-content\/uploads\/2017\/06\/DSC_4963-red-copia-1024x576.jpg 1024w\" sizes=\"(max-width: 300px) 100vw, 300px\" \/><\/a><img decoding=\"async\" loading=\"lazy\" class=\"alignnone size-medium wp-image-488\" src=\"http:\/\/olgarodriguezpomares.com\/wp-content\/uploads\/2017\/06\/DSC_4967-red-copia-300x169.jpg\" alt=\"\" width=\"300\" height=\"169\" srcset=\"http:\/\/olgarodriguezpomares.com\/wp-content\/uploads\/2017\/06\/DSC_4967-red-copia-300x169.jpg 300w, http:\/\/olgarodriguezpomares.com\/wp-content\/uploads\/2017\/06\/DSC_4967-red-copia-768x432.jpg 768w, http:\/\/olgarodriguezpomares.com\/wp-content\/uploads\/2017\/06\/DSC_4967-red-copia-1024x576.jpg 1024w\" sizes=\"(max-width: 300px) 100vw, 300px\" \/><a href=\"http:\/\/olgarodriguezpomares.com\/wp-content\/uploads\/2017\/06\/DSC_4975-red-copia.jpg\" data-rel=\"lightbox-gallery-Iu5v33DU\" data-rl_title=\"\" data-rl_caption=\"\" title=\"\"><img decoding=\"async\" loading=\"lazy\" class=\"alignnone size-medium wp-image-489\" src=\"http:\/\/olgarodriguezpomares.com\/wp-content\/uploads\/2017\/06\/DSC_4975-red-copia-300x169.jpg\" alt=\"\" width=\"300\" height=\"169\" srcset=\"http:\/\/olgarodriguezpomares.com\/wp-content\/uploads\/2017\/06\/DSC_4975-red-copia-300x169.jpg 300w, http:\/\/olgarodriguezpomares.com\/wp-content\/uploads\/2017\/06\/DSC_4975-red-copia-768x432.jpg 768w, http:\/\/olgarodriguezpomares.com\/wp-content\/uploads\/2017\/06\/DSC_4975-red-copia-1024x576.jpg 1024w\" sizes=\"(max-width: 300px) 100vw, 300px\" \/><\/a><\/p>\n<p><a href=\"http:\/\/olgarodriguezpomares.com\/wp-content\/uploads\/2017\/06\/IMG-20170207-WA0019-copia.jpg\" data-rel=\"lightbox-gallery-Iu5v33DU\" data-rl_title=\"\" data-rl_caption=\"\" title=\"\"><img decoding=\"async\" loading=\"lazy\" class=\"size-medium wp-image-476 aligncenter\" src=\"http:\/\/olgarodriguezpomares.com\/wp-content\/uploads\/2017\/06\/IMG-20170207-WA0019-copia-300x225.jpg\" alt=\"\" width=\"300\" height=\"225\" srcset=\"http:\/\/olgarodriguezpomares.com\/wp-content\/uploads\/2017\/06\/IMG-20170207-WA0019-copia-300x225.jpg 300w, http:\/\/olgarodriguezpomares.com\/wp-content\/uploads\/2017\/06\/IMG-20170207-WA0019-copia-768x576.jpg 768w, http:\/\/olgarodriguezpomares.com\/wp-content\/uploads\/2017\/06\/IMG-20170207-WA0019-copia-1024x768.jpg 1024w, http:\/\/olgarodriguezpomares.com\/wp-content\/uploads\/2017\/06\/IMG-20170207-WA0019-copia.jpg 1600w\" sizes=\"(max-width: 300px) 100vw, 300px\" \/><\/a><\/p>\n<p>&nbsp;<\/p>","protected":false},"excerpt":{"rendered":"<p>Exposici\u00f3n colectiva \u201cHomenaje a Miguel Hern\u00e1ndez 75 x 75\u201d, con artistas de la talla de Arcadi Blasco, Pepe Azor\u00edn, Joan Castej\u00f3n, Toni Mir\u00f3, entre otros, Sala Municipal de Exposiciones \u201cLonja del Pescador\u201d (Alicante), del 17 de marzo al 7 de mayo de 2017. \u00abCuentos para Manolillo\u00bb No jugar\u00e9 contigo. Te dejar\u00e9 un sue\u00f1o, un juego &hellip; <a href=\"http:\/\/olgarodriguezpomares.com\/en\/exposiciones\/homenaje-a-miguel-hernandez-75-x-75\/\" class=\"more-link\">Continue reading <span class=\"screen-reader-text\">\u00abHomenaje a Miguel Hern\u00e1ndez 75 x 75.\u00bb Sala de exposiciones \u201cLonja del Pescador\u201d de Alicante. 2017<\/span> <span class=\"meta-nav\">&rarr;<\/span><\/a><\/p>","protected":false},"author":1,"featured_media":0,"parent":51,"menu_order":4,"comment_status":"closed","ping_status":"closed","template":"","meta":{"jetpack_post_was_ever_published":false},"jetpack_sharing_enabled":true,"jetpack_shortlink":"https:\/\/wp.me\/P5KNTl-7t","jetpack-related-posts":[{"id":51,"url":"http:\/\/olgarodriguezpomares.com\/en\/exposiciones\/","url_meta":{"origin":463,"position":0},"title":"Exposiciones","author":"olgarp","date":"March 3, 2015","format":false,"excerpt":"\u00a0 1.PARTICIPACI\u00d3N EN EXPOSICIONES ART\u00cdSTICAS NACIONALES E INTERNACIONALES. PUBLICACI\u00d3N DE CAT\u00c1LOGO 1.1.PARTICIPACI\u00d3N EN EXPOSICIONES ART\u00cdSTICAS DE CAR\u00c1CTER MONOGR\u00c1FICO. PUBLICACI\u00d3N DE CAT\u00c1LOGO -Exposici\u00f3n individual de escultura, Centre Juvenil Algiros, Ajuntament de Val\u00e8ncia, del 10 al 28 de noviembre de 1997, dentro de la \u201cIII Convocatoria del Programa de Difusi\u00f3 de les\u2026","rel":"","context":"Similar post","block_context":{"text":"Similar post","link":""},"img":{"alt_text":"","src":"","width":0,"height":0},"classes":[]},{"id":560,"url":"http:\/\/olgarodriguezpomares.com\/en\/lista-exposiciones\/","url_meta":{"origin":463,"position":1},"title":"Lista de exposiciones","author":"olgarp","date":"June 24, 2020","format":false,"excerpt":"1.PARTICIPACI\u00d3N EN EXPOSICIONES ART\u00cdSTICAS NACIONALES E INTERNACIONALES. PUBLICACI\u00d3N DE CAT\u00c1LOGO 1.1.PARTICIPACI\u00d3N EN EXPOSICIONES ART\u00cdSTICAS DE CAR\u00c1CTER MONOGR\u00c1FICO. PUBLICACI\u00d3N DE CAT\u00c1LOGO -Exposici\u00f3n individual de escultura, Centre Juvenil Algiros, Ajuntament de Val\u00e8ncia, del 10 al 28 de noviembre de 1997, dentro de la \u201cIII Convocatoria del Programa de Difusi\u00f3 de les Artes\u2026","rel":"","context":"Similar post","block_context":{"text":"Similar post","link":""},"img":{"alt_text":"","src":"","width":0,"height":0},"classes":[]},{"id":18,"url":"http:\/\/olgarodriguezpomares.com\/en\/","url_meta":{"origin":463,"position":2},"title":"Sobre la artista","author":"olgarp","date":"February 14, 2015","format":false,"excerpt":"Olga Rodr\u00edguez Pomares (Elche, 1972), es doctora en Bellas Artes por la Universidad de Murcia, en 2011, con la tesis doctoral titulada \"T\u00e9cnicas y acabados de superficie sobre la escultura en piedra. Investigaci\u00f3n pr\u00e1ctica con tratamientos qu\u00edmicos y mec\u00e1nicos en m\u00e1rmol\". Desde 1997, ha realizado diversas exposiciones colectivas e individuales\u2026","rel":"","context":"Similar post","block_context":{"text":"Similar post","link":""},"img":{"alt_text":"","src":"","width":0,"height":0},"classes":[]},{"id":616,"url":"http:\/\/olgarodriguezpomares.com\/en\/curriculum-nuevo\/","url_meta":{"origin":463,"position":3},"title":"Curr\u00edculum Vitae","author":"olgarp","date":"June 25, 2020","format":false,"excerpt":"APELLIDOS: Rodr\u00edguez Pomares NOMBRE: Olga FECHA DE NACIMIENTO: 31 de Enero de 1972 DNI: 33.488.252-E DIRECCI\u00d3N: Calle Hermanos Gonz\u00e1lvez Selva, 62, 4\u00aa planta CIUDA: Elche C. P.: 03206 PROVINCIA: Alicante PA\u00cdS: Espa\u00f1a TEL\u00c9FONO: 965 45 74 53 M\u00d3VIL: 651 390 333 COOREO: olgaiarte@hotmail.com TITULACI\u00d3N -Licenciada en Bellas Artes, Universidad Polit\u00e9cnica\u2026","rel":"","context":"Similar post","block_context":{"text":"Similar post","link":""},"img":{"alt_text":"","src":"","width":0,"height":0},"classes":[]},{"id":552,"url":"http:\/\/olgarodriguezpomares.com\/en\/curriculum-actualizado\/","url_meta":{"origin":463,"position":4},"title":"Curriculum actualizado","author":"olgarp","date":"June 24, 2020","format":false,"excerpt":"\u00cdNDICE DATOS PERSONALES TITULACI\u00d3N 1. EXPERIENCIA INVESTIGADORA 1.1.1 PUBLICACIONES\u00a0 1.1.1 LIBROS\u00a0 1.1.2. CAPITULOS DE LIBROS 1.1.3.ARTICULOS EN REVISTAS CIENT\u00cdFICAS 1.3. PARTICIPACI\u00d3N EN PROYECTOS Y\/O CONTRATOS DE INVESTIGACI\u00d3N 1.4. PATENTES, DISE\u00d1OS Y OTROS RESULTADOS DE LA INVESTIGACI\u00d3N 1.5. CREACIONES ART\u00cdSTICAS Y PROFESIONALES 1.6. OTROS M\u00c9RITOS RELEVANTES DE INVESTIGACI\u00d3N 2. EXPERIENCIA DOCENTE\u2026","rel":"","context":"Similar post","block_context":{"text":"Similar post","link":""},"img":{"alt_text":"","src":"","width":0,"height":0},"classes":[]},{"id":42,"url":"http:\/\/olgarodriguezpomares.com\/en\/curriculum\/","url_meta":{"origin":463,"position":5},"title":"Curriculum antiguo","author":"olgarp","date":"March 3, 2015","format":false,"excerpt":"\u00cdNDICE DATOS PERSONALES TITULACI\u00d3N 1. EXPERIENCIA INVESTIGADORA 1.1. PUBLICACIONES CIENT\u00cdFICAS REVISTAS 1.2. LIBROS Y CAP\u00cdTULOS DE LIBROS 1.3. PARTICIPACI\u00d3N EN PROYECTOS Y\/O CONTRATOS DE INVESTIGACI\u00d3N 1.4. PATENTES, DISE\u00d1OS Y OTROS RESULTADOS DE LA INVESTIGACI\u00d3N 1.5. CREACIONES ART\u00cdSTICAS Y PROFESIONALES 1.6. OTROS M\u00c9RITOS RELEVANTES DE INVESTIGACI\u00d3N 2. EXPERIENCIA DOCENTE 2.1 PUESTOS\u2026","rel":"","context":"Similar post","block_context":{"text":"Similar post","link":""},"img":{"alt_text":"","src":"","width":0,"height":0},"classes":[]}],"_links":{"self":[{"href":"http:\/\/olgarodriguezpomares.com\/en\/wp-json\/wp\/v2\/pages\/463"}],"collection":[{"href":"http:\/\/olgarodriguezpomares.com\/en\/wp-json\/wp\/v2\/pages"}],"about":[{"href":"http:\/\/olgarodriguezpomares.com\/en\/wp-json\/wp\/v2\/types\/page"}],"author":[{"embeddable":true,"href":"http:\/\/olgarodriguezpomares.com\/en\/wp-json\/wp\/v2\/users\/1"}],"replies":[{"embeddable":true,"href":"http:\/\/olgarodriguezpomares.com\/en\/wp-json\/wp\/v2\/comments?post=463"}],"version-history":[{"count":10,"href":"http:\/\/olgarodriguezpomares.com\/en\/wp-json\/wp\/v2\/pages\/463\/revisions"}],"predecessor-version":[{"id":643,"href":"http:\/\/olgarodriguezpomares.com\/en\/wp-json\/wp\/v2\/pages\/463\/revisions\/643"}],"up":[{"embeddable":true,"href":"http:\/\/olgarodriguezpomares.com\/en\/wp-json\/wp\/v2\/pages\/51"}],"wp:attachment":[{"href":"http:\/\/olgarodriguezpomares.com\/en\/wp-json\/wp\/v2\/media?parent=463"}],"curies":[{"name":"wp","href":"https:\/\/api.w.org\/{rel}","templated":true}]}}