{"id":520,"date":"2020-03-03T20:00:36","date_gmt":"2020-03-03T20:00:36","guid":{"rendered":"http:\/\/olgarodriguezpomares.com\/?page_id=520"},"modified":"2020-06-27T13:37:53","modified_gmt":"2020-06-27T13:37:53","slug":"es-cultura-cuerpos-plurales-casa-pintada-museo-cristobal-gabarron-en-mula-murcia-2019","status":"publish","type":"page","link":"http:\/\/olgarodriguezpomares.com\/en\/exposiciones\/es-cultura-cuerpos-plurales-casa-pintada-museo-cristobal-gabarron-en-mula-murcia-2019\/","title":{"rendered":"\u00abEs-cultura: cuerpos plurales.\u00bb Casa Pintada-Museo Crist\u00f3bal Gabarr\u00f3n. Mula, Murcia. 2019"},"content":{"rendered":"<p>Exposici\u00f3n colectiva, \u201cEs-cultura: cuerpos plurales\u201d, Fundaci\u00f3n Casa Pintada-Museo Crist\u00f3bal Gabarr\u00f3n, del 15 de diciembre de 2018 al 17 de marzo de 2019.<\/p>\n<p>Las obras que nos presentan Olga Rodr\u00edguez Pomares y Bel\u00e9n Orta, est\u00e1n \u00edntimamente ligadas a los espacios que ocupa la escultura entre el cuerpo y la mente como \u00e1mbito de representaci\u00f3n y de simbolizaci\u00f3n. Sus esculturas, tienen para ellas una funci\u00f3n reflexiva (estados internos), y nos permiten comprender la conexi\u00f3n entre el proceso creativo y el espacio, la literatura, la cultura, la mitolog\u00eda, y el mundo de los sue\u00f1os y de las emociones.<\/p>\n<p>Hacer arte para nuestras creadoras es una v\u00eda de acceso a su mundo interior, a la identificaci\u00f3n materna, a la palabra y al cuerpo fragmentado. A trav\u00e9s de la exploraci\u00f3n de los materiales, formas y procesos escult\u00f3ricos nos encontramos con equivalentes pl\u00e1sticos de la historia de la mujer, de las visiones del cuerpo humano, son narraciones de sus gozos, de sus dolores y de sus anhelos, son procesos creativos que sirven para moderar las tensiones, fuente de autoconocimiento.<\/p>\n<p>El proyecto que nos presentan tiene una relaci\u00f3n entre el cuerpo f\u00edsico y los estados internos. Afrontan la imagen de la complexi\u00f3n desde diferentes enfoques como la mujer diosa, la mujer madre, la madre naturaleza,&#8230; crean cuerpos habitados y revelados. En ellos, nos muestran la figura fraccionada en sus m\u00faltiples partes como met\u00e1foras de la fragilidad, del dolor y de carga social hacia el cuerpo.<\/p>\n<p>Olga, nos presenta sus series de\u00a0<i>Pebeteros y Cari\u00e1tides, Torsos de mujeres<\/i>, en ocasiones embarazadas, son cuerpos contenedores de sue\u00f1os, una oda a las mujeres, que se unen, en la cotidianidad de la vida, en pactos de amistad y cari\u00f1o, tan necesarios para subsistir. Los\u00a0<i>Torsos<\/i>\u00a0(de escayola y resina) a modos de cors\u00e9s, son capas o trajes que se superponen, como\u00a0<i>una segunda piel<\/i>, que nos sumergen en temas como la dualidad del ser. Los\u00a0<i>Pebeteros<\/i>, compuestos por resina, elementos de la naturaleza (ra\u00edces, semillas, hojas\u2026) y alimentos de primera necesidad (trigo, arroz,\u2026), est\u00e1n asociados a la Luna y a la fertilidad, y representan a la diosa Dem\u00e9ter, la diosa griega de la agricultura, nutricia pura de la tierra verde y joven, \u201cla diosa madre\u201d. La serie de las\u00a0<i>Cari\u00e1tides<\/i>\u00a0(con piedra Bateig y metacrilato), hacen alusi\u00f3n al relato de Vitrubio que indicaba que siendo la ciudad de Atenas aliada de los persas durante las Guerras M\u00e9dicas, sus habitantes fueron exterminados por los otros griegos, sus mujeres fueron convertidas en esclavas y condenadas a llevar las m\u00e1s pesadas cargas, mujeres que aguantaban el peso del mundo, como lo han estado haciendo a los largo de la historia.<\/p>\n<p>Bel\u00e9n, nos presenta unas instalaciones realizadas con libros, hilos y palabras simb\u00f3licas. Composiciones basadas en la iconograf\u00eda garg\u00f3lica, seres fabulosos e imaginarios, que pod\u00edan tomar la forma de animales, humanos o una mezcla de ambos, pero siempre representados de manera monstruosa. As\u00ed son las obras basadas en la mitolog\u00eda y en Afrodita, la diosa bella y del amor. El amor es parte fundamental en el ser humano y es igual de doloroso en cualquiera de los tiempos,\u00a0<i>La indiferencia de Afrodita<\/i>, del ser amado, es una escultura que reflexiona sobre este sentimiento. Las composiciones\u00a0<i>La osad\u00eda del hombre<\/i>, inspiradas en el mito de \u00cdcaro, fragmento de su cuerpo, y alas derriti\u00e9ndose y cayendo al vac\u00edo. Tiene mucha similitud al hombre actual que cree que est\u00e1 por encima de la naturaleza, y por encima del bien y del mal, la osad\u00eda del hombre sigue vigente actualmente. En\u00a0<i>Imposible de sostener<\/i>, transmite la dureza de vivencias que tenemos a lo largo de nuestra vida, demasiada carga para poder soportarla, y la compara con la historia de Atlas, que en la mitolog\u00eda soportaba el peso del mundo en sus hombros como castigo.<\/p>\n<p><b>Comisario<\/b>: Juan Garc\u00eda Sandoval, muse\u00f3logo, curador y cr\u00edtico de arte.<\/p>\n<p>&nbsp;<\/p>\n<div class=\"rl-gallery-container rl-loading\" id=\"rl-gallery-container-1\" data-gallery_id=\"586\"> <div class=\"rl-gallery rl-basicgrid-gallery\" id=\"rl-gallery-1\" data-gallery_no=\"1\"> <div class=\"rl-gallery-item\"><a href=\"http:\/\/olgarodriguezpomares.com\/wp-content\/uploads\/2020\/06\/1a.-Un-viaje-al-despertar-scaled.jpg\" title=\"\" data-rl_title=\"\" class=\"rl-gallery-link\" data-rl_caption=\"\" data-rel=\"lightbox-gallery-1\"><img src=\"http:\/\/olgarodriguezpomares.com\/wp-content\/uploads\/2020\/06\/1a.-Un-viaje-al-despertar-300x200.jpg\" width=\"300\" height=\"200\" alt=\"\"\/><\/a><\/div><div class=\"rl-gallery-item\"><a href=\"http:\/\/olgarodriguezpomares.com\/wp-content\/uploads\/2020\/06\/1b.-Un-viaje-al-despertar-scaled.jpg\" title=\"\" data-rl_title=\"\" class=\"rl-gallery-link\" data-rl_caption=\"\" data-rel=\"lightbox-gallery-1\"><img src=\"http:\/\/olgarodriguezpomares.com\/wp-content\/uploads\/2020\/06\/1b.-Un-viaje-al-despertar-300x200.jpg\" width=\"300\" height=\"200\" alt=\"\"\/><\/a><\/div><div class=\"rl-gallery-item\"><a href=\"http:\/\/olgarodriguezpomares.com\/wp-content\/uploads\/2020\/06\/1c.-Un-viaje-al-despertar-scaled.jpg\" title=\"\" data-rl_title=\"\" class=\"rl-gallery-link\" data-rl_caption=\"\" data-rel=\"lightbox-gallery-1\"><img src=\"http:\/\/olgarodriguezpomares.com\/wp-content\/uploads\/2020\/06\/1c.-Un-viaje-al-despertar-300x200.jpg\" width=\"300\" height=\"200\" alt=\"\"\/><\/a><\/div> <\/div> <\/div>\n<p>&nbsp;<\/p>\n<div class=\"rl-gallery-container rl-loading\" id=\"rl-gallery-container-2\" data-gallery_id=\"590\"> <div class=\"rl-gallery rl-basicgrid-gallery\" id=\"rl-gallery-2\" data-gallery_no=\"2\"> <div class=\"rl-gallery-item\"><a href=\"http:\/\/olgarodriguezpomares.com\/wp-content\/uploads\/2020\/06\/2a.-Guiados-1.jpg\" title=\"\" data-rl_title=\"\" class=\"rl-gallery-link\" data-rl_caption=\"\" data-rel=\"lightbox-gallery-2\"><img src=\"http:\/\/olgarodriguezpomares.com\/wp-content\/uploads\/2020\/06\/2a.-Guiados-1-225x300.jpg\" width=\"225\" height=\"300\" alt=\"\"\/><\/a><\/div><div class=\"rl-gallery-item\"><a href=\"http:\/\/olgarodriguezpomares.com\/wp-content\/uploads\/2020\/06\/2b.-Guiados-scaled.jpg\" title=\"\" data-rl_title=\"\" class=\"rl-gallery-link\" data-rl_caption=\"\" data-rel=\"lightbox-gallery-2\"><img src=\"http:\/\/olgarodriguezpomares.com\/wp-content\/uploads\/2020\/06\/2b.-Guiados-200x300.jpg\" width=\"200\" height=\"300\" alt=\"\"\/><\/a><\/div><div class=\"rl-gallery-item\"><a href=\"http:\/\/olgarodriguezpomares.com\/wp-content\/uploads\/2020\/06\/2c.-Guiados-scaled.jpg\" title=\"\" data-rl_title=\"\" class=\"rl-gallery-link\" data-rl_caption=\"\" data-rel=\"lightbox-gallery-2\"><img src=\"http:\/\/olgarodriguezpomares.com\/wp-content\/uploads\/2020\/06\/2c.-Guiados-200x300.jpg\" width=\"200\" height=\"300\" alt=\"\"\/><\/a><\/div><div class=\"rl-gallery-item\"><a href=\"http:\/\/olgarodriguezpomares.com\/wp-content\/uploads\/2020\/06\/2d.-Guiados-scaled.jpg\" title=\"\" data-rl_title=\"\" class=\"rl-gallery-link\" data-rl_caption=\"\" data-rel=\"lightbox-gallery-2\"><img src=\"http:\/\/olgarodriguezpomares.com\/wp-content\/uploads\/2020\/06\/2d.-Guiados-200x300.jpg\" width=\"200\" height=\"300\" alt=\"\"\/><\/a><\/div><div class=\"rl-gallery-item\"><a href=\"http:\/\/olgarodriguezpomares.com\/wp-content\/uploads\/2020\/06\/2e.-Guiados-scaled.jpg\" title=\"\" data-rl_title=\"\" class=\"rl-gallery-link\" data-rl_caption=\"\" data-rel=\"lightbox-gallery-2\"><img src=\"http:\/\/olgarodriguezpomares.com\/wp-content\/uploads\/2020\/06\/2e.-Guiados-200x300.jpg\" width=\"200\" height=\"300\" alt=\"\"\/><\/a><\/div> <\/div> <\/div>\n<p>&nbsp;<\/p>\n<div class=\"rl-gallery-container rl-loading\" id=\"rl-gallery-container-3\" data-gallery_id=\"596\"> <div class=\"rl-gallery rl-basicgrid-gallery\" id=\"rl-gallery-3\" data-gallery_no=\"3\"> <div class=\"rl-gallery-item\"><a href=\"http:\/\/olgarodriguezpomares.com\/wp-content\/uploads\/2020\/06\/3a.-Los-jirones-de-su-piel-scaled.jpg\" title=\"\" data-rl_title=\"\" class=\"rl-gallery-link\" data-rl_caption=\"\" data-rel=\"lightbox-gallery-3\"><img src=\"http:\/\/olgarodriguezpomares.com\/wp-content\/uploads\/2020\/06\/3a.-Los-jirones-de-su-piel-200x300.jpg\" width=\"200\" height=\"300\" alt=\"\"\/><\/a><\/div><div class=\"rl-gallery-item\"><a href=\"http:\/\/olgarodriguezpomares.com\/wp-content\/uploads\/2020\/06\/3b.-Los-jirones-de-su-piel-2-scaled.jpg\" title=\"\" data-rl_title=\"\" class=\"rl-gallery-link\" data-rl_caption=\"\" data-rel=\"lightbox-gallery-3\"><img src=\"http:\/\/olgarodriguezpomares.com\/wp-content\/uploads\/2020\/06\/3b.-Los-jirones-de-su-piel-2-300x200.jpg\" width=\"300\" height=\"200\" alt=\"\"\/><\/a><\/div><div class=\"rl-gallery-item\"><a href=\"http:\/\/olgarodriguezpomares.com\/wp-content\/uploads\/2020\/06\/3c.-Los-jirones-de-su-piel-scaled.jpg\" title=\"\" data-rl_title=\"\" class=\"rl-gallery-link\" data-rl_caption=\"\" data-rel=\"lightbox-gallery-3\"><img src=\"http:\/\/olgarodriguezpomares.com\/wp-content\/uploads\/2020\/06\/3c.-Los-jirones-de-su-piel-300x200.jpg\" width=\"300\" height=\"200\" alt=\"\"\/><\/a><\/div> <\/div> <\/div>\n<p>&nbsp;<\/p>\n<div class=\"rl-gallery-container rl-loading\" id=\"rl-gallery-container-4\" data-gallery_id=\"600\"> <div class=\"rl-gallery rl-basicgrid-gallery\" id=\"rl-gallery-4\" data-gallery_no=\"4\"> <div class=\"rl-gallery-item\"><a href=\"http:\/\/olgarodriguezpomares.com\/wp-content\/uploads\/2020\/06\/4a.-Los-hijos-que-no-tuvimos-1-scaled.jpg\" title=\"\" data-rl_title=\"\" class=\"rl-gallery-link\" data-rl_caption=\"\" data-rel=\"lightbox-gallery-4\"><img src=\"http:\/\/olgarodriguezpomares.com\/wp-content\/uploads\/2020\/06\/4a.-Los-hijos-que-no-tuvimos-1-200x300.jpg\" width=\"200\" height=\"300\" alt=\"\"\/><\/a><\/div><div class=\"rl-gallery-item\"><a href=\"http:\/\/olgarodriguezpomares.com\/wp-content\/uploads\/2020\/06\/4b.-Los-hijos-que-no-tuvimos-scaled.jpg\" title=\"\" data-rl_title=\"\" class=\"rl-gallery-link\" data-rl_caption=\"\" data-rel=\"lightbox-gallery-4\"><img src=\"http:\/\/olgarodriguezpomares.com\/wp-content\/uploads\/2020\/06\/4b.-Los-hijos-que-no-tuvimos-200x300.jpg\" width=\"200\" height=\"300\" alt=\"\"\/><\/a><\/div> <\/div> <\/div>\n<p>&nbsp;<\/p>\n<p><a href=\"http:\/\/olgarodriguezpomares.com\/wp-content\/uploads\/2020\/03\/IMG_2571_1_ok.jpg\" data-rel=\"lightbox-gallery-t1iPFMv6\" data-rl_title=\"\" data-rl_caption=\"\" title=\"\"><img decoding=\"async\" loading=\"lazy\" class=\"alignnone size-medium wp-image-541\" src=\"http:\/\/olgarodriguezpomares.com\/wp-content\/uploads\/2020\/03\/IMG_2571_1_ok-201x300.jpg\" alt=\"\" width=\"201\" height=\"300\" srcset=\"http:\/\/olgarodriguezpomares.com\/wp-content\/uploads\/2020\/03\/IMG_2571_1_ok-201x300.jpg 201w, http:\/\/olgarodriguezpomares.com\/wp-content\/uploads\/2020\/03\/IMG_2571_1_ok-768x1144.jpg 768w, http:\/\/olgarodriguezpomares.com\/wp-content\/uploads\/2020\/03\/IMG_2571_1_ok-688x1024.jpg 688w, http:\/\/olgarodriguezpomares.com\/wp-content\/uploads\/2020\/03\/IMG_2571_1_ok.jpg 1304w\" sizes=\"(max-width: 201px) 100vw, 201px\" \/><\/a> <a href=\"http:\/\/olgarodriguezpomares.com\/wp-content\/uploads\/2020\/03\/IMG_2487_1_ok.jpg\" data-rel=\"lightbox-gallery-t1iPFMv6\" data-rl_title=\"\" data-rl_caption=\"\" title=\"\"><img decoding=\"async\" loading=\"lazy\" class=\"alignnone size-medium wp-image-542\" src=\"http:\/\/olgarodriguezpomares.com\/wp-content\/uploads\/2020\/03\/IMG_2487_1_ok-202x300.jpg\" alt=\"\" width=\"202\" height=\"300\" srcset=\"http:\/\/olgarodriguezpomares.com\/wp-content\/uploads\/2020\/03\/IMG_2487_1_ok-202x300.jpg 202w, http:\/\/olgarodriguezpomares.com\/wp-content\/uploads\/2020\/03\/IMG_2487_1_ok-768x1138.jpg 768w, http:\/\/olgarodriguezpomares.com\/wp-content\/uploads\/2020\/03\/IMG_2487_1_ok-691x1024.jpg 691w, http:\/\/olgarodriguezpomares.com\/wp-content\/uploads\/2020\/03\/IMG_2487_1_ok.jpg 1304w\" sizes=\"(max-width: 202px) 100vw, 202px\" \/><\/a><\/p>\n<p>&nbsp;<\/p>\n<div class=\"rl-gallery-container rl-loading\" id=\"rl-gallery-container-5\" data-gallery_id=\"603\"> <div class=\"rl-gallery rl-basicgrid-gallery\" id=\"rl-gallery-5\" data-gallery_no=\"5\"> <div class=\"rl-gallery-item\"><a href=\"http:\/\/olgarodriguezpomares.com\/wp-content\/uploads\/2020\/06\/6a.-Fortalezas-scaled.jpg\" title=\"\" data-rl_title=\"\" class=\"rl-gallery-link\" data-rl_caption=\"\" data-rel=\"lightbox-gallery-5\"><img src=\"http:\/\/olgarodriguezpomares.com\/wp-content\/uploads\/2020\/06\/6a.-Fortalezas-300x200.jpg\" width=\"300\" height=\"200\" alt=\"\"\/><\/a><\/div><div class=\"rl-gallery-item\"><a href=\"http:\/\/olgarodriguezpomares.com\/wp-content\/uploads\/2020\/06\/6b.-Fortalezas-scaled.jpg\" title=\"\" data-rl_title=\"\" class=\"rl-gallery-link\" data-rl_caption=\"\" data-rel=\"lightbox-gallery-5\"><img src=\"http:\/\/olgarodriguezpomares.com\/wp-content\/uploads\/2020\/06\/6b.-Fortalezas-200x300.jpg\" width=\"200\" height=\"300\" alt=\"\"\/><\/a><\/div><div class=\"rl-gallery-item\"><a href=\"http:\/\/olgarodriguezpomares.com\/wp-content\/uploads\/2020\/06\/6c.-Fortalezas-scaled.jpg\" title=\"\" data-rl_title=\"\" class=\"rl-gallery-link\" data-rl_caption=\"\" data-rel=\"lightbox-gallery-5\"><img src=\"http:\/\/olgarodriguezpomares.com\/wp-content\/uploads\/2020\/06\/6c.-Fortalezas-200x300.jpg\" width=\"200\" height=\"300\" alt=\"\"\/><\/a><\/div><div class=\"rl-gallery-item\"><a href=\"http:\/\/olgarodriguezpomares.com\/wp-content\/uploads\/2020\/06\/6d.-Fortalezas-scaled.jpg\" title=\"\" data-rl_title=\"\" class=\"rl-gallery-link\" data-rl_caption=\"\" data-rel=\"lightbox-gallery-5\"><img src=\"http:\/\/olgarodriguezpomares.com\/wp-content\/uploads\/2020\/06\/6d.-Fortalezas-200x300.jpg\" width=\"200\" height=\"300\" alt=\"\"\/><\/a><\/div><div class=\"rl-gallery-item\"><a href=\"http:\/\/olgarodriguezpomares.com\/wp-content\/uploads\/2020\/06\/6e.-Fortalezas-scaled.jpg\" title=\"\" data-rl_title=\"\" class=\"rl-gallery-link\" data-rl_caption=\"\" data-rel=\"lightbox-gallery-5\"><img src=\"http:\/\/olgarodriguezpomares.com\/wp-content\/uploads\/2020\/06\/6e.-Fortalezas-300x200.jpg\" width=\"300\" height=\"200\" alt=\"\"\/><\/a><\/div><div class=\"rl-gallery-item\"><a href=\"http:\/\/olgarodriguezpomares.com\/wp-content\/uploads\/2020\/06\/6f.-Fortalezas-scaled.jpg\" title=\"\" data-rl_title=\"\" class=\"rl-gallery-link\" data-rl_caption=\"\" data-rel=\"lightbox-gallery-5\"><img src=\"http:\/\/olgarodriguezpomares.com\/wp-content\/uploads\/2020\/06\/6f.-Fortalezas-200x300.jpg\" width=\"200\" height=\"300\" alt=\"\"\/><\/a><\/div><div class=\"rl-gallery-item\"><a href=\"http:\/\/olgarodriguezpomares.com\/wp-content\/uploads\/2020\/06\/6h.-Fortalezas-scaled.jpg\" title=\"\" data-rl_title=\"\" class=\"rl-gallery-link\" data-rl_caption=\"\" data-rel=\"lightbox-gallery-5\"><img src=\"http:\/\/olgarodriguezpomares.com\/wp-content\/uploads\/2020\/06\/6h.-Fortalezas-200x300.jpg\" width=\"200\" height=\"300\" alt=\"\"\/><\/a><\/div><div class=\"rl-gallery-item\"><a href=\"http:\/\/olgarodriguezpomares.com\/wp-content\/uploads\/2020\/06\/6i.-Fortalezas-scaled.jpg\" title=\"\" data-rl_title=\"\" class=\"rl-gallery-link\" data-rl_caption=\"\" data-rel=\"lightbox-gallery-5\"><img src=\"http:\/\/olgarodriguezpomares.com\/wp-content\/uploads\/2020\/06\/6i.-Fortalezas-200x300.jpg\" width=\"200\" height=\"300\" alt=\"\"\/><\/a><\/div><div class=\"rl-gallery-item\"><a href=\"http:\/\/olgarodriguezpomares.com\/wp-content\/uploads\/2020\/06\/6g.-Fortalezas-scaled.jpg\" title=\"\" data-rl_title=\"\" class=\"rl-gallery-link\" data-rl_caption=\"\" data-rel=\"lightbox-gallery-5\"><img src=\"http:\/\/olgarodriguezpomares.com\/wp-content\/uploads\/2020\/06\/6g.-Fortalezas-200x300.jpg\" width=\"200\" height=\"300\" alt=\"\"\/><\/a><\/div> <\/div> <\/div>\n<p>&nbsp;<\/p>","protected":false},"excerpt":{"rendered":"<p>Exposici\u00f3n colectiva, \u201cEs-cultura: cuerpos plurales\u201d, Fundaci\u00f3n Casa Pintada-Museo Crist\u00f3bal Gabarr\u00f3n, del 15 de diciembre de 2018 al 17 de marzo de 2019. Las obras que nos presentan Olga Rodr\u00edguez Pomares y Bel\u00e9n Orta, est\u00e1n \u00edntimamente ligadas a los espacios que ocupa la escultura entre el cuerpo y la mente como \u00e1mbito de representaci\u00f3n y de &hellip; <a href=\"http:\/\/olgarodriguezpomares.com\/en\/exposiciones\/es-cultura-cuerpos-plurales-casa-pintada-museo-cristobal-gabarron-en-mula-murcia-2019\/\" class=\"more-link\">Continue reading <span class=\"screen-reader-text\">\u00abEs-cultura: cuerpos plurales.\u00bb Casa Pintada-Museo Crist\u00f3bal Gabarr\u00f3n. Mula, Murcia. 2019<\/span> <span class=\"meta-nav\">&rarr;<\/span><\/a><\/p>","protected":false},"author":1,"featured_media":529,"parent":51,"menu_order":1,"comment_status":"closed","ping_status":"closed","template":"","meta":{"jetpack_post_was_ever_published":false},"jetpack_sharing_enabled":true,"jetpack_shortlink":"https:\/\/wp.me\/P5KNTl-8o","jetpack-related-posts":[{"id":18,"url":"http:\/\/olgarodriguezpomares.com\/en\/","url_meta":{"origin":520,"position":0},"title":"Sobre la artista","author":"olgarp","date":"February 14, 2015","format":false,"excerpt":"Olga Rodr\u00edguez Pomares (Elche, 1972), es doctora en Bellas Artes por la Universidad de Murcia, en 2011, con la tesis doctoral titulada \"T\u00e9cnicas y acabados de superficie sobre la escultura en piedra. Investigaci\u00f3n pr\u00e1ctica con tratamientos qu\u00edmicos y mec\u00e1nicos en m\u00e1rmol\". Desde 1997, ha realizado diversas exposiciones colectivas e individuales\u2026","rel":"","context":"Similar post","block_context":{"text":"Similar post","link":""},"img":{"alt_text":"","src":"","width":0,"height":0},"classes":[]},{"id":616,"url":"http:\/\/olgarodriguezpomares.com\/en\/curriculum-nuevo\/","url_meta":{"origin":520,"position":1},"title":"Curr\u00edculum Vitae","author":"olgarp","date":"June 25, 2020","format":false,"excerpt":"APELLIDOS: Rodr\u00edguez Pomares NOMBRE: Olga FECHA DE NACIMIENTO: 31 de Enero de 1972 DNI: 33.488.252-E DIRECCI\u00d3N: Calle Hermanos Gonz\u00e1lvez Selva, 62, 4\u00aa planta CIUDA: Elche C. P.: 03206 PROVINCIA: Alicante PA\u00cdS: Espa\u00f1a TEL\u00c9FONO: 965 45 74 53 M\u00d3VIL: 651 390 333 COOREO: olgaiarte@hotmail.com TITULACI\u00d3N -Licenciada en Bellas Artes, Universidad Polit\u00e9cnica\u2026","rel":"","context":"Similar post","block_context":{"text":"Similar post","link":""},"img":{"alt_text":"","src":"","width":0,"height":0},"classes":[]},{"id":552,"url":"http:\/\/olgarodriguezpomares.com\/en\/curriculum-actualizado\/","url_meta":{"origin":520,"position":2},"title":"Curriculum actualizado","author":"olgarp","date":"June 24, 2020","format":false,"excerpt":"\u00cdNDICE DATOS PERSONALES TITULACI\u00d3N 1. EXPERIENCIA INVESTIGADORA 1.1.1 PUBLICACIONES\u00a0 1.1.1 LIBROS\u00a0 1.1.2. CAPITULOS DE LIBROS 1.1.3.ARTICULOS EN REVISTAS CIENT\u00cdFICAS 1.3. PARTICIPACI\u00d3N EN PROYECTOS Y\/O CONTRATOS DE INVESTIGACI\u00d3N 1.4. PATENTES, DISE\u00d1OS Y OTROS RESULTADOS DE LA INVESTIGACI\u00d3N 1.5. CREACIONES ART\u00cdSTICAS Y PROFESIONALES 1.6. OTROS M\u00c9RITOS RELEVANTES DE INVESTIGACI\u00d3N 2. EXPERIENCIA DOCENTE\u2026","rel":"","context":"Similar post","block_context":{"text":"Similar post","link":""},"img":{"alt_text":"","src":"","width":0,"height":0},"classes":[]},{"id":51,"url":"http:\/\/olgarodriguezpomares.com\/en\/exposiciones\/","url_meta":{"origin":520,"position":3},"title":"Exposiciones","author":"olgarp","date":"March 3, 2015","format":false,"excerpt":"\u00a0 1.PARTICIPACI\u00d3N EN EXPOSICIONES ART\u00cdSTICAS NACIONALES E INTERNACIONALES. PUBLICACI\u00d3N DE CAT\u00c1LOGO 1.1.PARTICIPACI\u00d3N EN EXPOSICIONES ART\u00cdSTICAS DE CAR\u00c1CTER MONOGR\u00c1FICO. PUBLICACI\u00d3N DE CAT\u00c1LOGO -Exposici\u00f3n individual de escultura, Centre Juvenil Algiros, Ajuntament de Val\u00e8ncia, del 10 al 28 de noviembre de 1997, dentro de la \u201cIII Convocatoria del Programa de Difusi\u00f3 de les\u2026","rel":"","context":"Similar post","block_context":{"text":"Similar post","link":""},"img":{"alt_text":"","src":"","width":0,"height":0},"classes":[]},{"id":560,"url":"http:\/\/olgarodriguezpomares.com\/en\/lista-exposiciones\/","url_meta":{"origin":520,"position":4},"title":"Lista de exposiciones","author":"olgarp","date":"June 24, 2020","format":false,"excerpt":"1.PARTICIPACI\u00d3N EN EXPOSICIONES ART\u00cdSTICAS NACIONALES E INTERNACIONALES. PUBLICACI\u00d3N DE CAT\u00c1LOGO 1.1.PARTICIPACI\u00d3N EN EXPOSICIONES ART\u00cdSTICAS DE CAR\u00c1CTER MONOGR\u00c1FICO. PUBLICACI\u00d3N DE CAT\u00c1LOGO -Exposici\u00f3n individual de escultura, Centre Juvenil Algiros, Ajuntament de Val\u00e8ncia, del 10 al 28 de noviembre de 1997, dentro de la \u201cIII Convocatoria del Programa de Difusi\u00f3 de les Artes\u2026","rel":"","context":"Similar post","block_context":{"text":"Similar post","link":""},"img":{"alt_text":"","src":"","width":0,"height":0},"classes":[]},{"id":42,"url":"http:\/\/olgarodriguezpomares.com\/en\/curriculum\/","url_meta":{"origin":520,"position":5},"title":"Curriculum antiguo","author":"olgarp","date":"March 3, 2015","format":false,"excerpt":"\u00cdNDICE DATOS PERSONALES TITULACI\u00d3N 1. EXPERIENCIA INVESTIGADORA 1.1. PUBLICACIONES CIENT\u00cdFICAS REVISTAS 1.2. LIBROS Y CAP\u00cdTULOS DE LIBROS 1.3. PARTICIPACI\u00d3N EN PROYECTOS Y\/O CONTRATOS DE INVESTIGACI\u00d3N 1.4. PATENTES, DISE\u00d1OS Y OTROS RESULTADOS DE LA INVESTIGACI\u00d3N 1.5. CREACIONES ART\u00cdSTICAS Y PROFESIONALES 1.6. OTROS M\u00c9RITOS RELEVANTES DE INVESTIGACI\u00d3N 2. EXPERIENCIA DOCENTE 2.1 PUESTOS\u2026","rel":"","context":"Similar post","block_context":{"text":"Similar post","link":""},"img":{"alt_text":"","src":"","width":0,"height":0},"classes":[]}],"_links":{"self":[{"href":"http:\/\/olgarodriguezpomares.com\/en\/wp-json\/wp\/v2\/pages\/520"}],"collection":[{"href":"http:\/\/olgarodriguezpomares.com\/en\/wp-json\/wp\/v2\/pages"}],"about":[{"href":"http:\/\/olgarodriguezpomares.com\/en\/wp-json\/wp\/v2\/types\/page"}],"author":[{"embeddable":true,"href":"http:\/\/olgarodriguezpomares.com\/en\/wp-json\/wp\/v2\/users\/1"}],"replies":[{"embeddable":true,"href":"http:\/\/olgarodriguezpomares.com\/en\/wp-json\/wp\/v2\/comments?post=520"}],"version-history":[{"count":12,"href":"http:\/\/olgarodriguezpomares.com\/en\/wp-json\/wp\/v2\/pages\/520\/revisions"}],"predecessor-version":[{"id":642,"href":"http:\/\/olgarodriguezpomares.com\/en\/wp-json\/wp\/v2\/pages\/520\/revisions\/642"}],"up":[{"embeddable":true,"href":"http:\/\/olgarodriguezpomares.com\/en\/wp-json\/wp\/v2\/pages\/51"}],"wp:featuredmedia":[{"embeddable":true,"href":"http:\/\/olgarodriguezpomares.com\/en\/wp-json\/wp\/v2\/media\/529"}],"wp:attachment":[{"href":"http:\/\/olgarodriguezpomares.com\/en\/wp-json\/wp\/v2\/media?parent=520"}],"curies":[{"name":"wp","href":"https:\/\/api.w.org\/{rel}","templated":true}]}}